{"id":105,"date":"2015-01-01T21:16:30","date_gmt":"2015-01-01T20:16:30","guid":{"rendered":"http:\/\/192.168.1.103\/?page_id=105"},"modified":"2017-11-26T21:48:13","modified_gmt":"2017-11-26T19:48:13","slug":"magic-the-gathering-judge","status":"publish","type":"page","link":"https:\/\/hudecekpetr.cz\/cs\/magic-the-gathering-judge\/","title":{"rendered":"Rozhod\u010d\u00ed Magic: The Gathering"},"content":{"rendered":"<p><a href=\"http:\/\/hudecekpetr.cz\/wp-content\/uploads\/2015\/01\/PetrHudecekJudgeSmall.jpg\"><img loading=\"lazy\" decoding=\"async\" class=\"alignright size-medium wp-image-106\" src=\"http:\/\/hudecekpetr.cz\/wp-content\/uploads\/2015\/01\/PetrHudecekJudgeSmall-200x300.jpg\" alt=\"PetrHudecekJudgeSmall\" width=\"200\" height=\"300\" srcset=\"https:\/\/hudecekpetr.cz\/wp-content\/uploads\/2015\/01\/PetrHudecekJudgeSmall-200x300.jpg 200w, https:\/\/hudecekpetr.cz\/wp-content\/uploads\/2015\/01\/PetrHudecekJudgeSmall.jpg 401w, https:\/\/hudecekpetr.cz\/wp-content\/uploads\/2015\/01\/PetrHudecekJudgeSmall-400x600.jpg 400w\" sizes=\"auto, (max-width: 200px) 100vw, 200px\" \/><\/a><br \/>\nCertifikovan\u00fdm rozhod\u010d\u00edm hry <em>Magic: The Gathering<\/em> jsem se stal v roce 2010. Zkou\u0161ku na level 2 jsem slo\u017eil v roce 2012 v Ostrav\u011b se sk\u00f3rem 98% (to je celkem dobr\u00e9). Od t\u00e9 doby jsem ov\u0161em p\u0159estal aktivn\u011b rozhodcovat, a tedy jsem ztratil certifikaci.<\/p>\n<p><i>Magic: The Gathering<\/i>\u00a0je sb\u011bratelsk\u00e1 karetn\u00ed hra. Ka\u017ed\u00fd t\u00fdden se na mnoha m\u00edstech ve sv\u011bt\u011b i po \u010cesk\u00e9 republice odehr\u00e1vaj\u00ed turnaje. Po\u010det karet ve h\u0159e u\u017e nyn\u00ed p\u0159esahuje 12\u00a0000 a \u00fapln\u00e1 pravidla maj\u00ed p\u0159es sto str\u00e1nek.<\/p>\n<p>\u0158\u00edk\u00e1 se, \u017ee ti, kdo maj\u00ed r\u00e1di\u00a0<em>Magic: The Gathering<\/em>, ale nejsou v n\u011bm dob\u0159\u00ed, stali se rozhod\u010d\u00edmi. Toto tvrzen\u00ed je o mn\u011b pravdiv\u00e9 :-).<\/p>\n<p>Pokud se chcete st\u00e1t rozhod\u010d\u00edm, m\u016f\u017eete m\u011b kontaktovat na adrese\u00a0<a href=\"mailto:petrhudecek2010@gmail.com\">petrhudecek2010@gmail.com<\/a>.<\/p>","protected":false},"excerpt":{"rendered":"<p>Certifikovan\u00fdm rozhod\u010d\u00edm hry Magic: The Gathering jsem se stal v roce 2010. Zkou\u0161ku na level 2 jsem slo\u017eil v roce 2012 v Ostrav\u011b se sk\u00f3rem 98% (to je celkem dobr\u00e9). Od t\u00e9 doby jsem ov\u0161em p\u0159estal aktivn\u011b rozhodcovat, a tedy jsem ztratil certifikaci. Magic: The Gathering\u00a0je sb\u011bratelsk\u00e1 karetn\u00ed hra. Ka\u017ed\u00fd t\u00fdden se na mnoha m\u00edstech [&hellip;]<\/p>\n","protected":false},"author":1,"featured_media":0,"parent":0,"menu_order":0,"comment_status":"open","ping_status":"closed","template":"","meta":{"footnotes":""},"class_list":["post-105","page","type-page","status-publish","hentry"],"_links":{"self":[{"href":"https:\/\/hudecekpetr.cz\/cs\/wp-json\/wp\/v2\/pages\/105","targetHints":{"allow":["GET"]}}],"collection":[{"href":"https:\/\/hudecekpetr.cz\/cs\/wp-json\/wp\/v2\/pages"}],"about":[{"href":"https:\/\/hudecekpetr.cz\/cs\/wp-json\/wp\/v2\/types\/page"}],"author":[{"embeddable":true,"href":"https:\/\/hudecekpetr.cz\/cs\/wp-json\/wp\/v2\/users\/1"}],"replies":[{"embeddable":true,"href":"https:\/\/hudecekpetr.cz\/cs\/wp-json\/wp\/v2\/comments?post=105"}],"version-history":[{"count":7,"href":"https:\/\/hudecekpetr.cz\/cs\/wp-json\/wp\/v2\/pages\/105\/revisions"}],"predecessor-version":[{"id":829,"href":"https:\/\/hudecekpetr.cz\/cs\/wp-json\/wp\/v2\/pages\/105\/revisions\/829"}],"wp:attachment":[{"href":"https:\/\/hudecekpetr.cz\/cs\/wp-json\/wp\/v2\/media?parent=105"}],"curies":[{"name":"wp","href":"https:\/\/api.w.org\/{rel}","templated":true}]}}