{"id":112,"date":"2015-01-01T21:22:13","date_gmt":"2015-01-01T20:22:13","guid":{"rendered":"http:\/\/192.168.1.103\/?page_id=112"},"modified":"2015-08-04T18:44:34","modified_gmt":"2015-08-04T16:44:34","slug":"existence-of-the-n-th-root","status":"publish","type":"page","link":"https:\/\/hudecekpetr.cz\/cs\/existence-of-the-n-th-root\/","title":{"rendered":"Existence n-t\u00e9 odmocniny"},"content":{"rendered":"<p><\/p>\n<h3>Rozklik\u00e1vac\u00ed d\u016fkaz existence n-t\u00e9 odmocniny<\/h3>\n<p>Toto je prototyp d\u016fkazu, kter\u00fd jsem redukoval na \u00fapln\u00e9 z\u00e1klady. Cht\u011bl bych, aby existovala velk\u00e1 datab\u00e1ze takov\u00fdch matematick\u00fdch d\u016fkaz\u016f, kde v\u0161echna tvrzen\u00ed by byla dok\u00e1z\u00e1na do takov\u00e9to \u00farovn\u011b detailu, tj. tak, \u017ee dostate\u010dn\u00fdm rozkliknut\u00edm by i student st\u0159edn\u00ed \u0161koly byl schopen pochopit i ty nejkomplexn\u011bj\u0161\u00ed d\u016fkazy.<\/p>\n<p>A od doby, kdy jsem vytvo\u0159il tuto str\u00e1nku, se tento d\u016fkaz stal m\u00fdm obl\u00edben\u00fdm d\u016fkazem z matematick\u00e9 anal\u00fdzy.<\/p>\n<p><iframe loading=\"lazy\" style=\"border: 1px black solid; width: 100%;\" src=\"\/other\/odmocnina.html\" width=\"650\" height=\"1400\">Your browser does not support inline frames. What kind of lame-ass browser are you using?<\/iframe><\/p>","protected":false},"excerpt":{"rendered":"<p>Rozklik\u00e1vac\u00ed d\u016fkaz existence n-t\u00e9 odmocniny Toto je prototyp d\u016fkazu, kter\u00fd jsem redukoval na \u00fapln\u00e9 z\u00e1klady. Cht\u011bl bych, aby existovala velk\u00e1 datab\u00e1ze takov\u00fdch matematick\u00fdch d\u016fkaz\u016f, kde v\u0161echna tvrzen\u00ed by byla dok\u00e1z\u00e1na do takov\u00e9to \u00farovn\u011b detailu, tj. tak, \u017ee dostate\u010dn\u00fdm rozkliknut\u00edm by i student st\u0159edn\u00ed \u0161koly byl schopen pochopit i ty nejkomplexn\u011bj\u0161\u00ed d\u016fkazy. A od doby, kdy [&hellip;]<\/p>\n","protected":false},"author":1,"featured_media":0,"parent":0,"menu_order":0,"comment_status":"open","ping_status":"closed","template":"","meta":{"footnotes":""},"class_list":["post-112","page","type-page","status-publish","hentry"],"_links":{"self":[{"href":"https:\/\/hudecekpetr.cz\/cs\/wp-json\/wp\/v2\/pages\/112","targetHints":{"allow":["GET"]}}],"collection":[{"href":"https:\/\/hudecekpetr.cz\/cs\/wp-json\/wp\/v2\/pages"}],"about":[{"href":"https:\/\/hudecekpetr.cz\/cs\/wp-json\/wp\/v2\/types\/page"}],"author":[{"embeddable":true,"href":"https:\/\/hudecekpetr.cz\/cs\/wp-json\/wp\/v2\/users\/1"}],"replies":[{"embeddable":true,"href":"https:\/\/hudecekpetr.cz\/cs\/wp-json\/wp\/v2\/comments?post=112"}],"version-history":[{"count":7,"href":"https:\/\/hudecekpetr.cz\/cs\/wp-json\/wp\/v2\/pages\/112\/revisions"}],"predecessor-version":[{"id":412,"href":"https:\/\/hudecekpetr.cz\/cs\/wp-json\/wp\/v2\/pages\/112\/revisions\/412"}],"wp:attachment":[{"href":"https:\/\/hudecekpetr.cz\/cs\/wp-json\/wp\/v2\/media?parent=112"}],"curies":[{"name":"wp","href":"https:\/\/api.w.org\/{rel}","templated":true}]}}