{"id":1175,"date":"2021-04-27T22:51:34","date_gmt":"2021-04-27T20:51:34","guid":{"rendered":"https:\/\/hudecekpetr.cz\/?page_id=1175"},"modified":"2021-04-27T22:51:34","modified_gmt":"2021-04-27T20:51:34","slug":"dungeons-dragons","status":"publish","type":"page","link":"https:\/\/hudecekpetr.cz\/cs\/dungeons-dragons\/","title":{"rendered":"Dungeons &#038; Dragons"},"content":{"rendered":"<p><strong>Dungeons &amp; Dragons <\/strong>je deskov\u00e1 hra na hrdiny. Spolu se skupinou p\u0159\u00e1tel se p\u0159i n\u00ed sejdete kolem stolu a p\u0159edst\u00edr\u00e1te, \u017ee jste fantasy bojovn\u00edci, hrani\u010d\u00e1\u0159i a \u010darod\u011bjov\u00e9 s \u00fakolem porazit p\u0159\u00ed\u0161ery a zachr\u00e1nit sv\u011bt. K tomu v\u00e1m pom\u00e1haj\u00ed tlust\u00e9 pravidlov\u00e9 p\u0159\u00edru\u010dky vysv\u011btluj\u00edc\u00ed v\u0161echny podrobnosti bojov\u00e9ho syst\u00e9mu.<\/p>\n<p>Hry na hrdiny jsem za\u010dal hr\u00e1t na st\u0159edn\u00ed \u0161kole. Moje prvn\u00ed hra na hrdiny byla samoz\u0159ejm\u011b <em>Dra\u010d\u00ed doup\u011b<\/em>, \u010desk\u00e1 hra vytvo\u0159en\u00e1 po vzoru <em>Dungeons&amp;Dragons<\/em>, a byla moc z\u00e1bavn\u00e1. Do kontaktu se skute\u010dn\u00fdmi Dungeons&amp;Dragons jsem se pak poprv\u00e9 dostal p\u0159es po\u010d\u00edta\u010dovou hru\u00a0<em>Neverwinter Nights<\/em>, a stra\u0161n\u011b moc se mi hra l\u00edbila. Za\u010dal jsem pravidla \u010d\u00edst online a doufal jsem, \u017ee jednoho dne si hru budu moct s kamar\u00e1dy zahr\u00e1t s\u00e1m. To se mi kone\u010dn\u011b poda\u0159ilo na vysok\u00e9 \u0161kole, kdy\u017e jsme za\u010dali D&amp;D hr\u00e1t v roce 2014 a od t\u00e9 doby hrajeme po\u0159\u00e1d.<\/p>\n<p>M\u016fj sou\u010dasn\u00fd obl\u00edben\u00fd hern\u00ed syst\u00e9m je <em>Pathfinder<\/em>, syst\u00e9m po vzoru t\u0159et\u00ed edice hry Dungeons&amp;Dragons.<\/p>\n<p>&nbsp;<\/p>","protected":false},"excerpt":{"rendered":"<p>Dungeons &amp; Dragons je deskov\u00e1 hra na hrdiny. Spolu se skupinou p\u0159\u00e1tel se p\u0159i n\u00ed sejdete kolem stolu a p\u0159edst\u00edr\u00e1te, \u017ee jste fantasy bojovn\u00edci, hrani\u010d\u00e1\u0159i a \u010darod\u011bjov\u00e9 s \u00fakolem porazit p\u0159\u00ed\u0161ery a zachr\u00e1nit sv\u011bt. K tomu v\u00e1m pom\u00e1haj\u00ed tlust\u00e9 pravidlov\u00e9 p\u0159\u00edru\u010dky vysv\u011btluj\u00edc\u00ed v\u0161echny podrobnosti bojov\u00e9ho syst\u00e9mu. Hry na hrdiny jsem za\u010dal hr\u00e1t na st\u0159edn\u00ed \u0161kole. [&hellip;]<\/p>\n","protected":false},"author":1,"featured_media":0,"parent":0,"menu_order":0,"comment_status":"closed","ping_status":"closed","template":"","meta":{"footnotes":""},"class_list":["post-1175","page","type-page","status-publish","hentry"],"_links":{"self":[{"href":"https:\/\/hudecekpetr.cz\/cs\/wp-json\/wp\/v2\/pages\/1175","targetHints":{"allow":["GET"]}}],"collection":[{"href":"https:\/\/hudecekpetr.cz\/cs\/wp-json\/wp\/v2\/pages"}],"about":[{"href":"https:\/\/hudecekpetr.cz\/cs\/wp-json\/wp\/v2\/types\/page"}],"author":[{"embeddable":true,"href":"https:\/\/hudecekpetr.cz\/cs\/wp-json\/wp\/v2\/users\/1"}],"replies":[{"embeddable":true,"href":"https:\/\/hudecekpetr.cz\/cs\/wp-json\/wp\/v2\/comments?post=1175"}],"version-history":[{"count":1,"href":"https:\/\/hudecekpetr.cz\/cs\/wp-json\/wp\/v2\/pages\/1175\/revisions"}],"predecessor-version":[{"id":1176,"href":"https:\/\/hudecekpetr.cz\/cs\/wp-json\/wp\/v2\/pages\/1175\/revisions\/1176"}],"wp:attachment":[{"href":"https:\/\/hudecekpetr.cz\/cs\/wp-json\/wp\/v2\/media?parent=1175"}],"curies":[{"name":"wp","href":"https:\/\/api.w.org\/{rel}","templated":true}]}}