{"id":118,"date":"2015-01-01T21:36:16","date_gmt":"2015-01-01T20:36:16","guid":{"rendered":"http:\/\/192.168.1.103\/?page_id=118"},"modified":"2015-08-04T19:01:42","modified_gmt":"2015-08-04T17:01:42","slug":"book","status":"publish","type":"page","link":"https:\/\/hudecekpetr.cz\/cs\/book\/","title":{"rendered":"Sacculus"},"content":{"rendered":"<p>V roce 2009 jsem napsal fantasy p\u0159\u00edb\u011bh. V d\u00e9lce je n\u011bkde mezi pov\u00eddkou a rom\u00e1nem. M\u00e1 129 stran, je naps\u00e1n v angli\u010dtin\u011b a p\u00ed\u0161e se v n\u011bm o dobrodru\u017estv\u00ed skupiny odv\u00e1\u017en\u00fdch hrdin\u016f ve fantasy\/sci-fi prost\u0159ed\u00ed.<\/p>\n<p>Tahle kniha nen\u00ed n\u011bco, co byste nazvali velk\u00fdm d\u00edlem literatury. Na z\u00e1klad\u011b t\u00e9to knihy jsem ov\u0161em vytvo\u0159il\u00a0<a title=\"Sacculus: The Wargame\" href=\"http:\/\/hudecekpetr.cz\/cs\/sacculus-the-wargame\/\">po\u010d\u00edta\u010dovou hru<\/a>\u00a0a <a title=\"V\u00e1l\u010dit s peklem\" href=\"http:\/\/hudecekpetr.cz\/valcit-s-peklem\/\">druhou, mnohem lep\u0161\u00ed knihu<\/a>, v\u0161echno ve stejn\u00e9m sv\u011bt\u011b.<\/p>\n<p><strong>Galerie:<\/strong><\/p>\n<div id='gallery-2' class='gallery galleryid-118 gallery-columns-2 gallery-size-thumbnail'><figure class='gallery-item'>\n\t\t\t<div class='gallery-icon landscape'>\n\t\t\t\t<a href='https:\/\/hudecekpetr.cz\/wp-content\/uploads\/2015\/01\/Book6.jpg'><img loading=\"lazy\" decoding=\"async\" width=\"150\" height=\"150\" src=\"https:\/\/hudecekpetr.cz\/wp-content\/uploads\/2015\/01\/Book6-150x150.jpg\" class=\"attachment-thumbnail size-thumbnail\" alt=\"\" aria-describedby=\"gallery-2-272\" srcset=\"https:\/\/hudecekpetr.cz\/wp-content\/uploads\/2015\/01\/Book6-150x150.jpg 150w, https:\/\/hudecekpetr.cz\/wp-content\/uploads\/2015\/01\/Book6-225x225.jpg 225w, https:\/\/hudecekpetr.cz\/wp-content\/uploads\/2015\/01\/Book6-75x75.jpg 75w\" sizes=\"auto, (max-width: 150px) 100vw, 150px\" \/><\/a>\n\t\t\t<\/div>\n\t\t\t\t<figcaption class='wp-caption-text gallery-caption' id='gallery-2-272'>\n\t\t\t\tChapter 6.\n\t\t\t\t<\/figcaption><\/figure><figure class='gallery-item'>\n\t\t\t<div class='gallery-icon landscape'>\n\t\t\t\t<a href='https:\/\/hudecekpetr.cz\/wp-content\/uploads\/2015\/01\/BookCover.jpg'><img loading=\"lazy\" decoding=\"async\" width=\"150\" height=\"150\" src=\"https:\/\/hudecekpetr.cz\/wp-content\/uploads\/2015\/01\/BookCover-150x150.jpg\" class=\"attachment-thumbnail size-thumbnail\" alt=\"\" aria-describedby=\"gallery-2-273\" srcset=\"https:\/\/hudecekpetr.cz\/wp-content\/uploads\/2015\/01\/BookCover-150x150.jpg 150w, https:\/\/hudecekpetr.cz\/wp-content\/uploads\/2015\/01\/BookCover-225x225.jpg 225w, https:\/\/hudecekpetr.cz\/wp-content\/uploads\/2015\/01\/BookCover-75x75.jpg 75w\" sizes=\"auto, (max-width: 150px) 100vw, 150px\" \/><\/a>\n\t\t\t<\/div>\n\t\t\t\t<figcaption class='wp-caption-text gallery-caption' id='gallery-2-273'>\n\t\t\t\tCover.\n\t\t\t\t<\/figcaption><\/figure>\n\t\t<\/div>\n\n<p><strong>Ke sta\u017een\u00ed (PDF, 1 MB):<\/strong><\/p>\n<ul>\n<li><strong><a href=\"http:\/\/hudecekpetr.cz\/wp-content\/uploads\/2015\/01\/Sacculus-The-Book.pdf\">St\u00e1hnout z m\u00fdch str\u00e1nek.<\/a><\/strong><\/li>\n<\/ul>\n<p><strong>Zadn\u00ed strana:<\/strong><\/p>\n<p style=\"padding-left: 30px;\"><em>Welcome to a world where magic and science play equal roles. A world where the laws of physics interact with the laws of structured magic. A world where a handful of heroes must battle to preserve the humanity&#8230; and other friendly races.<\/em><\/p>\n<p style=\"padding-left: 30px;\"><em>This world lived long under the guidance of a far more advanced race known as the Haedralines and even when they departed into deep space, the human kingdoms lived in peace and flourished.<\/em><\/p>\n<p style=\"padding-left: 30px;\"><em>Yet there are still those who would deny to others the right to live in order to appease their own hunger for power. The Wizard Dead, dormant in his mountain for five thousand years, awakes to try to dominate the world once more.<\/em><\/p>\n<p style=\"padding-left: 30px;\"><em>But this time, there will be no Haedralines to stop him.<\/em><\/p>\n<p style=\"padding-left: 30px;\"><em>This time, Man will have to fend for himself.<\/em><br \/>\n<em> \u00a0<\/em><\/p>\n<p><\/p>","protected":false},"excerpt":{"rendered":"<p>V roce 2009 jsem napsal fantasy p\u0159\u00edb\u011bh. V d\u00e9lce je n\u011bkde mezi pov\u00eddkou a rom\u00e1nem. M\u00e1 129 stran, je naps\u00e1n v angli\u010dtin\u011b a p\u00ed\u0161e se v n\u011bm o dobrodru\u017estv\u00ed skupiny odv\u00e1\u017en\u00fdch hrdin\u016f ve fantasy\/sci-fi prost\u0159ed\u00ed. Tahle kniha nen\u00ed n\u011bco, co byste nazvali velk\u00fdm d\u00edlem literatury. Na z\u00e1klad\u011b t\u00e9to knihy jsem ov\u0161em vytvo\u0159il\u00a0po\u010d\u00edta\u010dovou hru\u00a0a druhou, mnohem [&hellip;]<\/p>\n","protected":false},"author":1,"featured_media":0,"parent":0,"menu_order":0,"comment_status":"open","ping_status":"closed","template":"","meta":{"footnotes":""},"class_list":["post-118","page","type-page","status-publish","hentry"],"_links":{"self":[{"href":"https:\/\/hudecekpetr.cz\/cs\/wp-json\/wp\/v2\/pages\/118","targetHints":{"allow":["GET"]}}],"collection":[{"href":"https:\/\/hudecekpetr.cz\/cs\/wp-json\/wp\/v2\/pages"}],"about":[{"href":"https:\/\/hudecekpetr.cz\/cs\/wp-json\/wp\/v2\/types\/page"}],"author":[{"embeddable":true,"href":"https:\/\/hudecekpetr.cz\/cs\/wp-json\/wp\/v2\/users\/1"}],"replies":[{"embeddable":true,"href":"https:\/\/hudecekpetr.cz\/cs\/wp-json\/wp\/v2\/comments?post=118"}],"version-history":[{"count":10,"href":"https:\/\/hudecekpetr.cz\/cs\/wp-json\/wp\/v2\/pages\/118\/revisions"}],"predecessor-version":[{"id":418,"href":"https:\/\/hudecekpetr.cz\/cs\/wp-json\/wp\/v2\/pages\/118\/revisions\/418"}],"wp:attachment":[{"href":"https:\/\/hudecekpetr.cz\/cs\/wp-json\/wp\/v2\/media?parent=118"}],"curies":[{"name":"wp","href":"https:\/\/api.w.org\/{rel}","templated":true}]}}