{"id":1195,"date":"2021-09-28T20:17:37","date_gmt":"2021-09-28T18:17:37","guid":{"rendered":"https:\/\/hudecekpetr.cz\/?page_id=1195"},"modified":"2021-09-28T20:17:37","modified_gmt":"2021-09-28T18:17:37","slug":"stredoskolske-predmetove-olympiady","status":"publish","type":"page","link":"https:\/\/hudecekpetr.cz\/cs\/stredoskolske-predmetove-olympiady\/","title":{"rendered":"St\u0159edo\u0161kolsk\u00e9 p\u0159edm\u011btov\u00e9 olympi\u00e1dy"},"content":{"rendered":"<p>Um\u00edstil jsem se v t\u011bchto olympi\u00e1d\u00e1ch.<\/p>\n<ul>\n<li>2011 &#8211; <strong>Angli\u010dtina<\/strong>, 1. m\u00edsto,\u00a0okres<\/li>\n<li>2010 &#8211; <strong>Angli\u010dtina<\/strong>, 2. m\u00edsto, okres<\/li>\n<li>2008 &#8211; <strong>Angli\u010dtina<\/strong>, 2. m\u00edsto, kraj<\/li>\n<li>2008 &#8211; <strong>Angli\u010dtina<\/strong>, 1. m\u00edsto, okres<\/li>\n<li>2007 &#8211; <strong>Angli\u010dtina<\/strong>, 4. m\u00edsto, kraj<\/li>\n<li>2007 &#8211; <strong>Angli\u010dtina<\/strong>, 1. m\u00edsto,\u00a0okres<\/li>\n<li>2006 &#8211; <strong>Angli\u010dtina<\/strong>, 1. m\u00edsto, okres<\/li>\n<li>2005 &#8211; <strong>Angli\u010dtina<\/strong>, 1. m\u00edsto, okres<\/li>\n<li>2012 &#8211; <strong>Programov\u00e1n\u00ed*<\/strong>, 1. m\u00edsto,\u00a0celost\u00e1tn\u00ed kolo<\/li>\n<li>2012 &#8211; <strong>Programov\u00e1n\u00ed<\/strong>, 1. m\u00edsto, kraj<\/li>\n<li>2011 &#8211; <strong>Programov\u00e1n\u00ed<\/strong>, 2. m\u00edsto, celost\u00e1tn\u00ed kolo<\/li>\n<li>2011 &#8211; <strong>Programov\u00e1n\u00ed<\/strong>, 1. m\u00edsto, kraj<\/li>\n<li>2010 &#8211; <strong>Programov\u00e1n\u00ed<\/strong>, 3. m\u00edsto, celost\u00e1tn\u00ed kolo<\/li>\n<li>2010 &#8211; <strong>Programov\u00e1n\u00ed<\/strong>, 1. m\u00edsto, kraj<\/li>\n<li>2009 &#8211; <strong>Programov\u00e1n\u00ed<\/strong>, 2. m\u00edsto, celost\u00e1tn\u00ed kolo<\/li>\n<li>2009 &#8211; <strong>Programov\u00e1n\u00ed<\/strong>, 1. m\u00edsto, kraj<\/li>\n<li>2008 &#8211; <strong>Programov\u00e1n\u00ed<\/strong>, 1. m\u00edsto, celost\u00e1tn\u00ed kolo<\/li>\n<li>2008 &#8211; <strong>Programov\u00e1n\u00ed<\/strong>, 1. m\u00edsto, kraj<\/li>\n<li>2008 &#8211; <strong>Programov\u00e1n\u00ed<\/strong>, 1. m\u00edsto, okres<\/li>\n<li>2007 &#8211; <strong>Programov\u00e1n\u00ed<\/strong>, 3. m\u00edsto,\u00a0celost\u00e1tn\u00ed kolo<\/li>\n<li>2007 &#8211; <strong>Programov\u00e1n\u00ed<\/strong>, 1. m\u00edsto, kraj<\/li>\n<li>2007 &#8211; <strong>Programov\u00e1n\u00ed<\/strong>, 1. m\u00edsto, okres<\/li>\n<li>2008 &#8211; <strong>Matematika<\/strong>, 7. m\u00edsto, kraj<\/li>\n<li>2008 &#8211; <strong>Matematika<\/strong>, 1. m\u00edsto, okres<\/li>\n<li>2007 &#8211; <strong>Matematika<\/strong>, 1. m\u00edsto, okres<\/li>\n<li>2006 &#8211; <strong>Matematika<\/strong>, 1. m\u00edsto, okres<\/li>\n<li>2006 &#8211; <strong>Pythagori\u00e1da<\/strong> (sout\u011b\u017e v matematice), 2. m\u00edsto,\u00a0okres<\/li>\n<li>2005 &#8211; <strong>Pythagori\u00e1da<\/strong> (sout\u011b\u017e v matematice), 1. m\u00edsto, okres<\/li>\n<li>2011 &#8211; <strong>Fyzika<\/strong>, 2. m\u00edsto, kraj<\/li>\n<li>2010 &#8211; <strong>Fyzika<\/strong>, 2. m\u00edsto, kraj<\/li>\n<li>2009 &#8211; <strong>Fyzika<\/strong>, 4. m\u00edsto, kraj<\/li>\n<li>2008 &#8211; <strong>Fyzika<\/strong>, 3. m\u00edsto, kraj<\/li>\n<li>2008 &#8211; <strong>\u010ce\u0161tina<\/strong>, 1. m\u00edsto, okres<\/li>\n<li>2012 &#8211; <strong>Fyzikl\u00e1n\u00ed<\/strong> (celost\u00e1tn\u00ed t\u00fdmov\u00e1 sout\u011b\u017e ve fyzice), 4. m\u00edsto<\/li>\n<li>2011 &#8211; <strong>Fyzikl\u00e1n\u00ed<\/strong> (celost\u00e1tn\u00ed t\u00fdmov\u00e1 sout\u011b\u017e ve fyzice),\u00a03. m\u00edsto<\/li>\n<li>2010 &#8211; <strong>Fyzikl\u00e1n\u00ed<\/strong> (celost\u00e1tn\u00ed t\u00fdmov\u00e1 sout\u011b\u017e ve fyzice), 6. m\u00edsto<\/li>\n<li>2009 &#8211; <strong>Talent roku<\/strong>**, 2. m\u00edsto (kategorie Technick\u00fd talent***),\u00a0kraj<\/li>\n<li>2009 &#8211; <strong>Talent roku<\/strong>**,\u00a01. m\u00edsto\u00a0(kategorie V\u0161eobecn\u00fd talent), okres<\/li>\n<li>2008 &#8211; <strong>Talent roku<\/strong>**, 3. m\u00edsto\u00a0(kategorie V\u0161eobecn\u00fd talent), okres<\/li>\n<\/ul>\n<p><\/p>","protected":false},"excerpt":{"rendered":"<p>Um\u00edstil jsem se v t\u011bchto olympi\u00e1d\u00e1ch. 2011 &#8211; Angli\u010dtina, 1. m\u00edsto,\u00a0okres 2010 &#8211; Angli\u010dtina, 2. m\u00edsto, okres 2008 &#8211; Angli\u010dtina, 2. m\u00edsto, kraj 2008 &#8211; Angli\u010dtina, 1. m\u00edsto, okres 2007 &#8211; Angli\u010dtina, 4. m\u00edsto, kraj 2007 &#8211; Angli\u010dtina, 1. m\u00edsto,\u00a0okres 2006 &#8211; Angli\u010dtina, 1. m\u00edsto, okres 2005 &#8211; Angli\u010dtina, 1. m\u00edsto, okres 2012 &#8211; Programov\u00e1n\u00ed*, [&hellip;]<\/p>\n","protected":false},"author":1,"featured_media":0,"parent":0,"menu_order":0,"comment_status":"closed","ping_status":"closed","template":"","meta":{"footnotes":""},"class_list":["post-1195","page","type-page","status-publish","hentry"],"_links":{"self":[{"href":"https:\/\/hudecekpetr.cz\/cs\/wp-json\/wp\/v2\/pages\/1195","targetHints":{"allow":["GET"]}}],"collection":[{"href":"https:\/\/hudecekpetr.cz\/cs\/wp-json\/wp\/v2\/pages"}],"about":[{"href":"https:\/\/hudecekpetr.cz\/cs\/wp-json\/wp\/v2\/types\/page"}],"author":[{"embeddable":true,"href":"https:\/\/hudecekpetr.cz\/cs\/wp-json\/wp\/v2\/users\/1"}],"replies":[{"embeddable":true,"href":"https:\/\/hudecekpetr.cz\/cs\/wp-json\/wp\/v2\/comments?post=1195"}],"version-history":[{"count":1,"href":"https:\/\/hudecekpetr.cz\/cs\/wp-json\/wp\/v2\/pages\/1195\/revisions"}],"predecessor-version":[{"id":1196,"href":"https:\/\/hudecekpetr.cz\/cs\/wp-json\/wp\/v2\/pages\/1195\/revisions\/1196"}],"wp:attachment":[{"href":"https:\/\/hudecekpetr.cz\/cs\/wp-json\/wp\/v2\/media?parent=1195"}],"curies":[{"name":"wp","href":"https:\/\/api.w.org\/{rel}","templated":true}]}}