{"id":125,"date":"2015-01-01T21:44:59","date_gmt":"2015-01-01T20:44:59","guid":{"rendered":"http:\/\/192.168.1.103\/?page_id=125"},"modified":"2020-06-07T20:06:44","modified_gmt":"2020-06-07T19:06:44","slug":"scouting","status":"publish","type":"page","link":"https:\/\/hudecekpetr.cz\/cs\/scouting\/","title":{"rendered":"Skauting"},"content":{"rendered":"<p><a href=\"http:\/\/hudecekpetr.cz\/wp-content\/uploads\/2015\/01\/PetrHudecekSkaut.jpg\"><img loading=\"lazy\" decoding=\"async\" class=\"alignright size-medium wp-image-126\" src=\"http:\/\/hudecekpetr.cz\/wp-content\/uploads\/2015\/01\/PetrHudecekSkaut-200x300.jpg\" alt=\"PetrHudecekSkaut\" width=\"200\" height=\"300\" srcset=\"https:\/\/hudecekpetr.cz\/wp-content\/uploads\/2015\/01\/PetrHudecekSkaut-200x300.jpg 200w, https:\/\/hudecekpetr.cz\/wp-content\/uploads\/2015\/01\/PetrHudecekSkaut-683x1024.jpg 683w, https:\/\/hudecekpetr.cz\/wp-content\/uploads\/2015\/01\/PetrHudecekSkaut-600x900.jpg 600w, https:\/\/hudecekpetr.cz\/wp-content\/uploads\/2015\/01\/PetrHudecekSkaut-800x1200.jpg 800w\" sizes=\"auto, (max-width: 200px) 100vw, 200px\" \/><\/a>P\u0159idal jsem se k m\u00edstn\u00edmu skautsk\u00e9mu odd\u00edlu v roce 2001 ve v\u011bku 8 let. Skautsk\u00fd slib jsem slo\u017eil v roce 2004 a od skautsk\u00fdch ide\u00e1l\u016f se nehodl\u00e1m vzd\u00e1lit po zbytek sv\u00e9ho \u017eivota.<\/p>\n<p>Vedl jsem dru\u017einu vl\u010dat, d\u011bt\u00ed od 1. do 5. t\u0159\u00eddy z\u00e1kladn\u00ed \u0161koly, od roku 2007 do roku 2012, kdy jsem se stal z\u00e1stupcem v\u016fdce odd\u00edlu. Tuto pozici jsem zast\u00e1val a\u017e do l\u00e9ta 2015, kdy v o\u010dek\u00e1v\u00e1n\u00ed sv\u00e9ho odjezdu na 6 m\u011bs\u00edc\u016f do Francie jsem tuto pozici nab\u00eddl mlad\u0161\u00edmu vedouc\u00edmu z odd\u00edlu, kter\u00fd ji p\u0159ijal.<\/p>\n<p>M\u016fj skautsk\u00fd odd\u00edl se jmenuje\u00a0<a href=\"http:\/\/karibu7.skauting.cz\">7. odd\u00edl Karibu<\/a>. Dlu\u017e\u00edm jim hodn\u011b a miluje je.<\/p>\n<p>Nikdy nen\u00ed p\u0159\u00edli\u0161 brzo nebo p\u0159\u00edli\u0161 pozd\u011b za\u010d\u00edt skautovat. Pokud byste se cht\u011bli st\u00e1t sou\u010d\u00e1st\u00ed nejlep\u0161\u00ed organizace pro v\u00fdchovu d\u011bt\u00ed na sv\u011bt\u011b a chcete s t\u00edm pomoct, budu r\u00e1d, kdy\u017e mi nap\u00ed\u0161ete na\u00a0<a href=\"mailto:petrhudecek2010@gmail.com\">petrhudecek2010@gmail.com<\/a>.<\/p>\n<p>Tak\u00e9 tvo\u0159\u00edm webov\u00fd komiks ze skautsk\u00e9ho prost\u0159ed\u00ed zvan\u00fd &#8222;Na\u0161\u00ed snahou nejlep\u0161\u00ed bu\u010f \u010din!&#8220; na adrese <a href=\"https:\/\/nsnbc.neocities.org\/\">https:\/\/nsnbc.neocities.org\/<\/a> (odkazy na nov\u00e9 komiksy postuji tak\u00e9 na <a href=\"https:\/\/www.facebook.com\/nasi.snahou.nejlepsi.bud.cin\/\">Facebookovou str\u00e1nku komiksu<\/a>).<\/p>","protected":false},"excerpt":{"rendered":"<p>P\u0159idal jsem se k m\u00edstn\u00edmu skautsk\u00e9mu odd\u00edlu v roce 2001 ve v\u011bku 8 let. Skautsk\u00fd slib jsem slo\u017eil v roce 2004 a od skautsk\u00fdch ide\u00e1l\u016f se nehodl\u00e1m vzd\u00e1lit po zbytek sv\u00e9ho \u017eivota. Vedl jsem dru\u017einu vl\u010dat, d\u011bt\u00ed od 1. do 5. t\u0159\u00eddy z\u00e1kladn\u00ed \u0161koly, od roku 2007 do roku 2012, kdy jsem se stal z\u00e1stupcem [&hellip;]<\/p>\n","protected":false},"author":1,"featured_media":0,"parent":0,"menu_order":0,"comment_status":"open","ping_status":"closed","template":"","meta":{"footnotes":""},"class_list":["post-125","page","type-page","status-publish","hentry"],"_links":{"self":[{"href":"https:\/\/hudecekpetr.cz\/cs\/wp-json\/wp\/v2\/pages\/125","targetHints":{"allow":["GET"]}}],"collection":[{"href":"https:\/\/hudecekpetr.cz\/cs\/wp-json\/wp\/v2\/pages"}],"about":[{"href":"https:\/\/hudecekpetr.cz\/cs\/wp-json\/wp\/v2\/types\/page"}],"author":[{"embeddable":true,"href":"https:\/\/hudecekpetr.cz\/cs\/wp-json\/wp\/v2\/users\/1"}],"replies":[{"embeddable":true,"href":"https:\/\/hudecekpetr.cz\/cs\/wp-json\/wp\/v2\/comments?post=125"}],"version-history":[{"count":4,"href":"https:\/\/hudecekpetr.cz\/cs\/wp-json\/wp\/v2\/pages\/125\/revisions"}],"predecessor-version":[{"id":988,"href":"https:\/\/hudecekpetr.cz\/cs\/wp-json\/wp\/v2\/pages\/125\/revisions\/988"}],"wp:attachment":[{"href":"https:\/\/hudecekpetr.cz\/cs\/wp-json\/wp\/v2\/media?parent=125"}],"curies":[{"name":"wp","href":"https:\/\/api.w.org\/{rel}","templated":true}]}}