{"id":129,"date":"2015-01-01T22:18:46","date_gmt":"2015-01-01T21:18:46","guid":{"rendered":"http:\/\/192.168.1.103\/?page_id=129"},"modified":"2015-08-04T19:10:36","modified_gmt":"2015-08-04T17:10:36","slug":"my-little-pony","status":"publish","type":"page","link":"https:\/\/hudecekpetr.cz\/cs\/my-little-pony\/","title":{"rendered":"My Little Pony"},"content":{"rendered":"<p><a href=\"http:\/\/hudecekpetr.cz\/wp-content\/uploads\/2015\/01\/everyone-together-my-little-pony-friendship-is-magic-29790647-813-6061.jpg\"><img loading=\"lazy\" decoding=\"async\" class=\"alignright size-medium wp-image-130\" src=\"http:\/\/hudecekpetr.cz\/wp-content\/uploads\/2015\/01\/everyone-together-my-little-pony-friendship-is-magic-29790647-813-6061-300x224.jpg\" alt=\"everyone-together-my-little-pony-friendship-is-magic-29790647-813-6061\" width=\"300\" height=\"224\" srcset=\"https:\/\/hudecekpetr.cz\/wp-content\/uploads\/2015\/01\/everyone-together-my-little-pony-friendship-is-magic-29790647-813-6061-300x224.jpg 300w, https:\/\/hudecekpetr.cz\/wp-content\/uploads\/2015\/01\/everyone-together-my-little-pony-friendship-is-magic-29790647-813-6061-600x447.jpg 600w, https:\/\/hudecekpetr.cz\/wp-content\/uploads\/2015\/01\/everyone-together-my-little-pony-friendship-is-magic-29790647-813-6061-800x596.jpg 800w, https:\/\/hudecekpetr.cz\/wp-content\/uploads\/2015\/01\/everyone-together-my-little-pony-friendship-is-magic-29790647-813-6061.jpg 813w\" sizes=\"auto, (max-width: 300px) 100vw, 300px\" \/><\/a>V roce 2012 jsem se za\u010dal d\u00edvat na animovan\u00fd seri\u00e1l\u00a0<em>My Little Pony: Friendship is Magic.<\/em>\u00a0Je to v podstat\u011b ten nejlep\u0161\u00ed televizn\u00ed seri\u00e1l v\u0161ech dob a to jsem vid\u011bl hodn\u011b seri\u00e1l\u016f. P\u0159ed rokem 2011 byla zna\u010dka <em>My Little Pony<\/em> zam\u011b\u0159ena prim\u00e1rn\u011b na mal\u00e9 holky &#8211; a seri\u00e1l na prod\u00e1v\u00e1n\u00ed hra\u010dek, samoz\u0159ejm\u011b. To je sice form\u00e1ln\u011b st\u00e1le pravda, ale se \u010dtvrtou &#8222;generac\u00ed&#8220; televizn\u00edho seri\u00e1lu se n\u011bco zm\u011bnilo.<\/p>\n<p>Autorka, Lauren Faust, \u00fasp\u011b\u0161n\u011b vytvo\u0159ila seri\u00e1l, kter\u00fd zaujal nejen mal\u00e9 holky a nejen jejich rodi\u010de, ale tak\u00e9 obrovsk\u00e9 a ne\u010dekan\u00e9 publikum. Seri\u00e1l nyn\u00ed sleduj\u00ed &#8211; zhruba p\u016fl na p\u016fl &#8211; p\u016fvodn\u00ed o\u010dek\u00e1van\u00e9 publikum, a mlad\u00ed lidem mezi 15 a 30 lety.<\/p>\n<p>Lid\u00e9 se sna\u017e\u00ed p\u0159ij\u00edt na r\u016fzn\u00e9 d\u016fvody, pro\u010d se toto stalo.<\/p>\n<p>Co se t\u00fd\u010de m\u011b, l\u00edb\u00ed se mi p\u00edsni\u010dky, animace, hlasy, ale hlavn\u011b up\u0159\u00edmnost a chov\u00e1n\u00ed v\u0161ech postav. Pou\u010den\u00ed mnoh\u00fdch epizod ke mn\u011b promlouv\u00e1 a donutilo m\u011b vylep\u0161it sv\u00e9 chov\u00e1n\u00ed.<\/p>\n<p>Nav\u00edc se kolem seri\u00e1lu zformovala v\u00fdjime\u010dn\u00e1 komunita. Fanou\u0161ci vytv\u00e1\u0159\u00ed masivn\u00ed mno\u017estv\u00ed obr\u00e1zk\u016f, fanfikce, komiks\u016f, animace, p\u00edsni\u010dek, hudby a po\u010d\u00eda\u010dov\u00fdch her. To mno\u017estv\u00ed je skute\u010dn\u011b obrovsk\u00e9 &#8211; nejzn\u00e1m\u011bj\u0161\u00ed fanou\u0161kovsk\u00e1 str\u00e1nka, Equestria Daily, publikuji p\u011bt nejlep\u0161\u00edch hudebn\u00edch kousk\u016f <em>ka\u017ed\u00fd den!<\/em><\/p>\n<p>Dosp\u011bl\u00ed fanou\u0161ci\u00a0<em>My Little Pony <\/em>se naz\u00fdvaj\u00ed\u00a0<em>bronies<\/em> (spojen\u00ed anglick\u00fdch slov\u00a0<em>bro<\/em> a\u00a0<em>pony<\/em>).<\/p>\n<p>Doporu\u010duji se pod\u00edvat na n\u00e1sleduj\u00edc\u00ed adresy:<\/p>\n<ul>\n<li><a href=\"http:\/\/en.wikipedia.org\/wiki\/My_Little_Pony:_Friendship_Is_Magic_fandom\">Str\u00e1nka Wikipedie o subkultu\u0159e bronies<\/a><\/li>\n<li><a href=\"http:\/\/en.wikipedia.org\/wiki\/My_Little_Pony:_Friendship_Is_Magic\">Str\u00e1nka Wikipedie o seri\u00e1lu samotn\u00e9m<\/a><\/li>\n<li><a href=\"http:\/\/www.youtube.com\/watch?v=OV-OF9wZWDs\">&#8222;Let&#8217;s\u00a0Go and Meet the Bronies&#8220; (\u00favodn\u00ed video z dokument\u00e1rn\u00edho filmu\u00a0Johna de Lancieho)<\/a><\/li>\n<li>Pokud se chcete sami pod\u00edvat na n\u011bjakou epizodu, doporu\u010duji za\u010d\u00edt prvn\u00ed epizodou prvn\u00ed sez\u00f3ny. <a href=\"https:\/\/itunes.apple.com\/us\/tv-season\/my-little-pony-friendship\/id575915802\">Epizody se daj\u00ed koupit z iTunes<\/a>\u00a0a ob\u010das jsou k dispozici zdarma z webov\u00fdch str\u00e1nek Hasbro.<\/li>\n<\/ul>\n<p><strong>NED\u00cdVEJTE se na seri\u00e1l v \u010de\u0161tin\u011b.<\/strong>\u00a0Pokud si mysl\u00edte, \u017ee \u010desk\u00fd p\u0159eklad <em>va\u0161eho<\/em> obliben\u00e9ho televizn\u00edho seri\u00e1lu byl \u0161patn\u00fd, nev\u00edte je\u0161t\u011b nic o tom, jak \u0161patn\u00fd p\u0159eklad vlastn\u011b vypad\u00e1.<\/p>\n<p><div id='gallery-2' class='gallery galleryid-129 gallery-columns-2 gallery-size-thumbnail'><figure class='gallery-item'>\n\t\t\t<div class='gallery-icon landscape'>\n\t\t\t\t<a href='https:\/\/hudecekpetr.cz\/cs\/my-little-pony\/banishment\/#main'><img loading=\"lazy\" decoding=\"async\" width=\"150\" height=\"150\" src=\"https:\/\/hudecekpetr.cz\/wp-content\/uploads\/2015\/01\/banishment-150x150.png\" class=\"attachment-thumbnail size-thumbnail\" alt=\"\" aria-describedby=\"gallery-2-131\" srcset=\"https:\/\/hudecekpetr.cz\/wp-content\/uploads\/2015\/01\/banishment-150x150.png 150w, https:\/\/hudecekpetr.cz\/wp-content\/uploads\/2015\/01\/banishment-225x225.png 225w, https:\/\/hudecekpetr.cz\/wp-content\/uploads\/2015\/01\/banishment-75x75.png 75w\" sizes=\"auto, (max-width: 150px) 100vw, 150px\" \/><\/a>\n\t\t\t<\/div>\n\t\t\t\t<figcaption class='wp-caption-text gallery-caption' id='gallery-2-131'>\n\t\t\t\tPrincess Celestia banishes her sister to the moon for  attempting to bring about an eternal night.\n\t\t\t\t<\/figcaption><\/figure><figure class='gallery-item'>\n\t\t\t<div class='gallery-icon landscape'>\n\t\t\t\t<a href='https:\/\/hudecekpetr.cz\/cs\/my-little-pony\/sombra\/#main'><img loading=\"lazy\" decoding=\"async\" width=\"150\" height=\"150\" src=\"https:\/\/hudecekpetr.cz\/wp-content\/uploads\/2015\/01\/sombra-150x150.jpeg\" class=\"attachment-thumbnail size-thumbnail\" alt=\"\" aria-describedby=\"gallery-2-132\" srcset=\"https:\/\/hudecekpetr.cz\/wp-content\/uploads\/2015\/01\/sombra-150x150.jpeg 150w, https:\/\/hudecekpetr.cz\/wp-content\/uploads\/2015\/01\/sombra-225x225.jpeg 225w, https:\/\/hudecekpetr.cz\/wp-content\/uploads\/2015\/01\/sombra-75x75.jpeg 75w\" sizes=\"auto, (max-width: 150px) 100vw, 150px\" \/><\/a>\n\t\t\t<\/div>\n\t\t\t\t<figcaption class='wp-caption-text gallery-caption' id='gallery-2-132'>\n\t\t\t\tPrincess Celestia and her sister attempt to destroy King Sombra of the Crystal Empire (fan art).\n\t\t\t\t<\/figcaption><\/figure>\n\t\t<\/div>\n<\/p>","protected":false},"excerpt":{"rendered":"<p>V roce 2012 jsem se za\u010dal d\u00edvat na animovan\u00fd seri\u00e1l\u00a0My Little Pony: Friendship is Magic.\u00a0Je to v podstat\u011b ten nejlep\u0161\u00ed televizn\u00ed seri\u00e1l v\u0161ech dob a to jsem vid\u011bl hodn\u011b seri\u00e1l\u016f. P\u0159ed rokem 2011 byla zna\u010dka My Little Pony zam\u011b\u0159ena prim\u00e1rn\u011b na mal\u00e9 holky &#8211; a seri\u00e1l na prod\u00e1v\u00e1n\u00ed hra\u010dek, samoz\u0159ejm\u011b. To je sice form\u00e1ln\u011b st\u00e1le [&hellip;]<\/p>\n","protected":false},"author":1,"featured_media":0,"parent":0,"menu_order":0,"comment_status":"open","ping_status":"closed","template":"","meta":{"footnotes":""},"class_list":["post-129","page","type-page","status-publish","hentry"],"_links":{"self":[{"href":"https:\/\/hudecekpetr.cz\/cs\/wp-json\/wp\/v2\/pages\/129","targetHints":{"allow":["GET"]}}],"collection":[{"href":"https:\/\/hudecekpetr.cz\/cs\/wp-json\/wp\/v2\/pages"}],"about":[{"href":"https:\/\/hudecekpetr.cz\/cs\/wp-json\/wp\/v2\/types\/page"}],"author":[{"embeddable":true,"href":"https:\/\/hudecekpetr.cz\/cs\/wp-json\/wp\/v2\/users\/1"}],"replies":[{"embeddable":true,"href":"https:\/\/hudecekpetr.cz\/cs\/wp-json\/wp\/v2\/comments?post=129"}],"version-history":[{"count":2,"href":"https:\/\/hudecekpetr.cz\/cs\/wp-json\/wp\/v2\/pages\/129\/revisions"}],"predecessor-version":[{"id":419,"href":"https:\/\/hudecekpetr.cz\/cs\/wp-json\/wp\/v2\/pages\/129\/revisions\/419"}],"wp:attachment":[{"href":"https:\/\/hudecekpetr.cz\/cs\/wp-json\/wp\/v2\/media?parent=129"}],"curies":[{"name":"wp","href":"https:\/\/api.w.org\/{rel}","templated":true}]}}