{"id":141,"date":"2015-01-02T00:06:48","date_gmt":"2015-01-01T23:06:48","guid":{"rendered":"http:\/\/192.168.1.103\/?page_id=141"},"modified":"2021-09-28T20:30:01","modified_gmt":"2021-09-28T18:30:01","slug":"my-accomplishments","status":"publish","type":"page","link":"https:\/\/hudecekpetr.cz\/cs\/my-accomplishments\/","title":{"rendered":"Moje \u00fasp\u011bchy"},"content":{"rendered":"<p>Na t\u00e9to str\u00e1nce je t\u00e9m\u011b\u0159 \u00fapln\u00fd v\u00fd\u010det m\u00fdch form\u00e1ln\u00edch (vy\u010d\u00edsliteln\u00fdch) \u00fasp\u011bch\u016f. Vynechal jsem jen n\u011bjak\u00e9 sportovn\u00ed v\u00fdhry.<\/p>\n<h4>Form\u00e1ln\u00ed vzd\u011bl\u00e1n\u00ed<\/h4>\n<ul>\n<li>2012-2017- <strong><a href=\"http:\/\/www.mff.cuni.cz\/\">Univerzita Karlova, Matematicko-fyzik\u00e1ln\u00ed fakulta, obor Informatika<\/a><\/strong>\n<ul>\n<li>Bakal\u00e1\u0159sk\u00e9 i magistersk\u00e9 studium ukon\u010deno s vyznamen\u00e1n\u00edm.<\/li>\n<li>Bakal\u00e1\u0159sk\u00e1 pr\u00e1ce obh\u00e1jena na jedni\u010dku: <a href=\"https:\/\/is.cuni.cz\/webapps\/zzp\/detail\/158202\/15994019\/?q=%7B%22______searchform___search%22%3A%22XML+Check%22%2C%22______searchform___butsearch%22%3A%22Vyhledat%22%2C%22PNzzpSearchListbasic%22%3A1%7D&amp;lang=cs\">Roz\u0161\u00ed\u0159en\u00ed syst\u00e9mu XML Check<\/a><\/li>\n<li>Ro\u010dn\u00edk 4, podzim: Pobyt Erasmus na <a href=\"http:\/\/www.u-bordeaux.fr\/\">Univerzit\u011b v Bordeaux<\/a><\/li>\n<li>Diplomov\u00e1 pr\u00e1ce obh\u00e1jena na jedni\u010dku: <a href=\"https:\/\/dspace.cuni.cz\/handle\/20.500.11956\/90340\">Soothsharp: A C#-to-Viper translator<\/a><\/li>\n<\/ul>\n<\/li>\n<li>2006-2012 &#8211; <strong><a href=\"http:\/\/www.gymta.cz\/\">Gymn\u00e1zium Pierra de Coubertina v T\u00e1bo\u0159e<\/a><\/strong>\u00a0(\u010desko-francouzsk\u00e9 gymn\u00e1zium)<\/li>\n<li>2004-2006 &#8211; <strong><a href=\"http:\/\/www.gymta.cz\/\">Gymn\u00e1zium Pierra de Coubertina v T\u00e1bo\u0159e<\/a><\/strong>\u00a0(v\u0161eobecn\u00e9 gymn\u00e1zium)<\/li>\n<\/ul>\n<h4>Jazykov\u00e9 zkou\u0161ky<\/h4>\n<ul>\n<li>2016 &#8211;\u00a0<strong>Japon\u0161tina, \u00farove\u0148 N5\u00a0<\/strong>(zhruba odpov\u00edd\u00e1 \u00farovn\u00edm A1 a\u017e A2)<\/li>\n<li>2012 &#8211; <strong>Francouz\u0161tina<\/strong><strong>, \u00farove\u0148\u00a0C1<\/strong>, zvl\u00e1\u0161tn\u00ed maturitn\u00ed zkou\u0161ka certifikuj\u00edc\u00ed \u00farove\u0148 C1 Spole\u010dn\u00e9ho evropsk\u00e9ho referen\u010dn\u00edho r\u00e1mce<\/li>\n<li>2011 &#8211; <strong>Angli\u010dtina, \u00farove\u0148\u00a0C2<\/strong>, zkou\u0161ka CAE od Cambridge, zn\u00e1mka A (tedy \u00farove\u0148 C2 Spole\u010dn\u00e9ho evropsk\u00e9ho referen\u010dn\u00edho r\u00e1mce<\/li>\n<\/ul>\n<h4>St\u0159edo\u0161kolsk\u00e9 p\u0159edm\u011btov\u00e9 olympi\u00e1dy<\/h4>\n<ul>\n<li><strong>Angli\u010dtina <\/strong>(nejlep\u0161\u00ed um\u00edst\u011bn\u00ed: 2. m\u00edsto na kraji, 2008)<\/li>\n<li><strong>Programov\u00e1n\u00ed\u00a0<\/strong>(nejlep\u0161\u00ed um\u00edst\u011bn\u00ed: 1. m\u00edsto v republice, 2012)<\/li>\n<li><strong>Matematika\u00a0<\/strong>(nejlep\u0161\u00ed um\u00edst\u011bn\u00ed: 7. m\u00edsto na kraji, 2008)<\/li>\n<li><strong>Pythagori\u00e1da\u00a0<\/strong>(nejlep\u0161\u00ed um\u00edst\u011bn\u00ed: 1. m\u00edsto na okrese, 2005)<\/li>\n<li><strong>Fyzika\u00a0<\/strong>(nejlep\u0161\u00ed um\u00edst\u011bn\u00ed: 2. m\u00edsto na kraji, 2011)<\/li>\n<li><strong>\u010ce\u0161tina<\/strong> (nejlep\u0161\u00ed um\u00edst\u011bn\u00ed: 1. m\u00edsto na okrese, 2008)<\/li>\n<li><strong>Fyzikl\u00e1n\u00ed<\/strong> (nejlep\u0161\u00ed \u00fam\u00edst\u011bn\u00ed m\u00e9ho t\u00fdmu: 3. m\u00edsto, 2011)<\/li>\n<\/ul>\n<p>Pro zachov\u00e1n\u00ed vzpom\u00ednek m\u00e1m i <a href=\"https:\/\/hudecekpetr.cz\/stredoskolske-predmetove-olympiady\/\">str\u00e1nku se v\u0161emi sout\u011b\u017eemi<\/a> rok po roce&#8230;<\/p>\n<h4>Sout\u011b\u017ee v programov\u00e1n\u00ed<\/h4>\n<ul>\n<li>2016: <b>Hack Cambridge<\/b>, 24-hodinov\u00e1 sout\u011b\u017e v programov\u00e1n\u00ed bez omezen\u00ed t\u00e9matu, v t\u00fdmu s <a href=\"http:\/\/rny.cz\">Michalem Pokorn\u00fdm<\/a>, 1. m\u00edsto ze 68, nav\u00edc dv\u011b dal\u0161\u00ed ocen\u011bn\u00ed &#8211; za nejlep\u0161\u00ed naprogramovanou hru, a za nejzaj\u00edmav\u011bj\u0161\u00ed projekt, hra: <a href=\"http:\/\/deadlockempire.github.io\">The Deadlock Empire<\/a><\/li>\n<li>2012: <a href=\"http:\/\/www.mylittlegamedev.com\/forums\/showthread.php?tid=176\"><strong>MLGD Christmas Typhoon<\/strong><\/a>, \u010dty\u0159denn\u00ed sout\u011b\u017e v programov\u00e1n\u00ed her na t\u00e9ma My Little Pony, 1. m\u00edsto ze 3, hra: <a title=\"Everwinter\" href=\"http:\/\/hudecekpetr.cz\/everwinter\/\">Everwinter<\/a><\/li>\n<li>2012: <a href=\"http:\/\/games.mylittlegamejam.com\/\"><strong>My Little Game Jam<\/strong><\/a>, dvoudenn\u00ed\u00a0sout\u011b\u017e v programov\u00e1n\u00ed her na t\u00e9ma My Little Pony, 10. m\u00edsto z 38, hra: <a title=\"Star Swirl\u2019s Pony Adventure\" href=\"http:\/\/hudecekpetr.cz\/star-swirls-pony-adventure\/\">Star Swirl&#8217;s Parser-Based Pony Adventure<\/a><\/li>\n<li>2008: <a href=\"http:\/\/archive.gamedev.net\/archive\/community\/contest\/4e6\"><strong>Gamedev.net Four Elements VI<\/strong><\/a>, 2. m\u00edsto ze 17, hra: <a title=\"Seven Crystals of Power\" href=\"http:\/\/hudecekpetr.cz\/seven-crystals-of-power\/\">Seven Crystals of Power<\/a><\/li>\n<li>2006: <a href=\"http:\/\/archive.gamedev.net\/archive\/community\/contest\/4e5\"><strong>Gamedev.net Four Elements V<\/strong><\/a>, 18. m\u00edsto z 24, hra: <a title=\"God, who is hated\" href=\"http:\/\/hudecekpetr.cz\/god-who-is-hated\/\">God, who is hated\u00a0<\/a><\/li>\n<\/ul>\n<h4>Dobrovolnictv\u00ed<\/h4>\n<ul>\n<li>2013 &#8211; <strong><a href=\"http:\/\/krizovatka.skaut.cz\/organizace\/vzdelavani\/kvalifikace\/vudcovska-zkouska\/\">V\u016fdcovsk\u00e1 zkou\u0161ka<\/a><\/strong>, zkou\u0161ka kvalifikuj\u00edc\u00ed k veden\u00ed d\u011btsk\u00fdch t\u00e1bor\u016f<\/li>\n<li>2009 &#8211; <strong><a href=\"http:\/\/krizovatka.skaut.cz\/organizace\/vzdelavani\/kvalifikace\/vedeni-oddilu\/\">\u010cekatelsk\u00e1 zkou\u0161ka<\/a><\/strong>,\u00a0zkou\u0161ka kvalifikuj\u00edc\u00ed k veden\u00ed v\u00edkendov\u00fdch d\u011btsk\u00fdch v\u00fdprav<\/li>\n<li>2013 &#8211; <strong><a href=\"http:\/\/www.brezovylistek.cz\/\">B\u0159ezov\u00fd l\u00edstek, 2. stupe\u0148<\/a><\/strong>,\u00a0odm\u011bna za dobrovolnou pr\u00e1ci ve v\u00fdchovn\u00e9 organizaci<\/li>\n<li>2009 &#8211; <strong><a href=\"http:\/\/www.brezovylistek.cz\/\">B\u0159ezov\u00fd l\u00edstek, 1. stupe\u0148<\/a><\/strong>,\u00a0odm\u011bna za dobrovolnou pr\u00e1ci ve v\u00fdchovn\u00e9 organizaci<\/li>\n<\/ul>\n<h4>Stack Exchange<\/h4>\n<p><a href=\"http:\/\/stackexchange.com\/users\/1725245\"><img loading=\"lazy\" decoding=\"async\" title=\"profile for Petr Hude\u010dek on Stack Exchange, a network of free, community-driven Q&amp;A sites\" src=\"http:\/\/stackexchange.com\/users\/flair\/1725245.png\" alt=\"profile for Petr Hude\u010dek on Stack Exchange, a network of free, community-driven Q&amp;A sites\" width=\"208\" height=\"58\" \/><\/a><\/p>\n<h4>Veden\u00ed projekt\u016f<\/h4>\n<ul>\n<li>2015 &#8211;\u00a0<strong>SkautQA.\u00a0<\/strong>Zalo\u017eil jsem platformu pro ot\u00e1zky a odpov\u011bd\u00ed pro skautsk\u00e9 vedouc\u00ed na adrese <a href=\"http:\/\/qa.skauting.cz\">qa.skauting.cz<\/a>. Zalo\u017een\u00ed p\u0159edch\u00e1zely dlouh\u00e9 rozhovory a vyjedn\u00e1v\u00e1n\u00ed s veden\u00edm skautingu v \u010cR. Web sice st\u00e1le je online, a v\u0161echny ot\u00e1zky jsou zodpov\u011bzeny, ale projekt je de facto ukon\u010den. Jeho spiritu\u00e1ln\u00edm n\u00e1stupcem je <a href=\"https:\/\/www.facebook.com\/groups\/skautforum\">Facebookov\u00e1 skupina SkautF\u00f3rum<\/a>.<\/li>\n<li>2015 &#8211;\u00a0<strong>List of Official Rulings.\u00a0<\/strong>Zalo\u017eil jsem projekt\u00a0<em>List of Official Rulings\u00a0<\/em>pro rozhod\u010d\u00ed Magic: The Gathering. V r\u00e1mci tohoto projektu jsem vedl t\u00fdm, kter\u00fd pro\u0161el v\u0161echna rozhodnut\u00ed vysoko\u00farov\u0148ov\u00fdch rozhod\u010d\u00edch za posledn\u00ed \u010dty\u0159i roky a shrnul je na jednu webovou str\u00e1nku.<\/li>\n<li>2014 &#8211; <b>Francouzsk\u00e1 MLP Wikia.\u00a0<\/b>Zalo\u017eil jsem francouzskou verzi Wikie pro My Little Pony na adrese\u00a0<a href=\"http:\/\/fr.mlp.wikia.com\/wiki\/Wiki_My_Little_Pony_:_Les_amies,_c%27est_magique\">fr.mlp.wikia.com<\/a>. Spolu s Drakeem se n\u00e1m poda\u0159ilo d\u00e1t na web velk\u00e9 mno\u017estv\u00ed obsahu, hlavn\u011b v\u0161ak sestavit a uploadovat francouzsk\u00e9 texty v\u0161ech p\u00edsni\u010dek. Nyn\u00ed ji\u017e wiki aktivn\u011b needituji, ale jin\u00ed edito\u0159i st\u00e1le nov\u00fd obsah ob\u010das p\u0159id\u00e1vaj\u00ed.<\/li>\n<li>2009 &#8211;\u00a0<strong>Unofficial Four Elements Contest.<\/strong> Kdy\u017e se uk\u00e1zalo, \u017ee server GameDev.net nebude po\u0159\u00e1dat sedm\u00fd ro\u010dn\u00edk sout\u011b\u017ee Four Elements, kde maj\u00ed program\u00e1to\u0159i \u0161est m\u011bs\u00edc\u016f na to, aby vyvinuli hru, kter\u00e1 bude obsahovat \u010dty\u0159i zadan\u00e1 t\u00e9mata, rozhodl jsem se uspo\u0159\u00e1dat ho s\u00e1m, ve spolupr\u00e1ci s komunitou. Dokon\u010denou hru do sout\u011b\u017ee poslalo celkem 5 sout\u011b\u017e\u00edc\u00edch. Server GameDev.net pro\u0161el prom\u011bnou od doby sout\u011b\u017ee a star\u00e9 str\u00e1nky ji\u017e nejsou dohledateln\u00e9.<\/li>\n<\/ul>\n<h4>Ostatn\u00ed<\/h4>\n<ul>\n<li>2015 &#8211; <strong>KolejCup 2015<\/strong>, 3. m\u00edsto, t\u00fdmov\u00e1 sout\u011b\u017e; pro v\u00edt\u011bzstv\u00ed mus\u00ed t\u00fdm b\u011b\u017eet rychle a spr\u00e1vn\u011b odpov\u00eddat na ot\u00e1zky z oblasti matematiky, fyziky a informatiky; ve v\u0161ech KolejCupech jsem byl v t\u00fdmu\u00a0<em>Cutie Mark Crusaders<\/em> s Martinem Strupkem a Martinem Zikmundem<\/li>\n<li>2014 &#8211; <a href=\",%20team competition; to win, the team must be fast and answer questions from the domains of mathematics, physics and computer science\"><strong>KolejCup 2014<\/strong><\/a>, 2. m\u00edsto<\/li>\n<li>2013 &#8211; <a href=\"http:\/\/www.matfyzak.cz\/wp\/dalsi-akce\/kolejcup\/kolejcup-2013\/\"><strong>KolejCup 2013<\/strong><\/a>, 1. m\u00edsto,\u00a0kategorie Prv\u00e1ci<\/li>\n<li>2012 &#8211; <strong>Rozhod\u010d\u00ed Magic: The Gathering, level 2<\/strong><\/li>\n<li>2010 &#8211; <strong>Rozhod\u010d\u00ed Magic: The Gathering, level<\/strong><strong>\u00a01<\/strong><\/li>\n<\/ul>\n<p><\/p>","protected":false},"excerpt":{"rendered":"<p>Na t\u00e9to str\u00e1nce je t\u00e9m\u011b\u0159 \u00fapln\u00fd v\u00fd\u010det m\u00fdch form\u00e1ln\u00edch (vy\u010d\u00edsliteln\u00fdch) \u00fasp\u011bch\u016f. Vynechal jsem jen n\u011bjak\u00e9 sportovn\u00ed v\u00fdhry. Form\u00e1ln\u00ed vzd\u011bl\u00e1n\u00ed 2012-2017- Univerzita Karlova, Matematicko-fyzik\u00e1ln\u00ed fakulta, obor Informatika Bakal\u00e1\u0159sk\u00e9 i magistersk\u00e9 studium ukon\u010deno s vyznamen\u00e1n\u00edm. Bakal\u00e1\u0159sk\u00e1 pr\u00e1ce obh\u00e1jena na jedni\u010dku: Roz\u0161\u00ed\u0159en\u00ed syst\u00e9mu XML Check Ro\u010dn\u00edk 4, podzim: Pobyt Erasmus na Univerzit\u011b v Bordeaux Diplomov\u00e1 pr\u00e1ce obh\u00e1jena na [&hellip;]<\/p>\n","protected":false},"author":1,"featured_media":0,"parent":0,"menu_order":0,"comment_status":"open","ping_status":"closed","template":"","meta":{"footnotes":""},"class_list":["post-141","page","type-page","status-publish","hentry"],"_links":{"self":[{"href":"https:\/\/hudecekpetr.cz\/cs\/wp-json\/wp\/v2\/pages\/141","targetHints":{"allow":["GET"]}}],"collection":[{"href":"https:\/\/hudecekpetr.cz\/cs\/wp-json\/wp\/v2\/pages"}],"about":[{"href":"https:\/\/hudecekpetr.cz\/cs\/wp-json\/wp\/v2\/types\/page"}],"author":[{"embeddable":true,"href":"https:\/\/hudecekpetr.cz\/cs\/wp-json\/wp\/v2\/users\/1"}],"replies":[{"embeddable":true,"href":"https:\/\/hudecekpetr.cz\/cs\/wp-json\/wp\/v2\/comments?post=141"}],"version-history":[{"count":21,"href":"https:\/\/hudecekpetr.cz\/cs\/wp-json\/wp\/v2\/pages\/141\/revisions"}],"predecessor-version":[{"id":1199,"href":"https:\/\/hudecekpetr.cz\/cs\/wp-json\/wp\/v2\/pages\/141\/revisions\/1199"}],"wp:attachment":[{"href":"https:\/\/hudecekpetr.cz\/cs\/wp-json\/wp\/v2\/media?parent=141"}],"curies":[{"name":"wp","href":"https:\/\/api.w.org\/{rel}","templated":true}]}}