{"id":183,"date":"2015-01-02T09:38:49","date_gmt":"2015-01-02T08:38:49","guid":{"rendered":"http:\/\/192.168.1.103\/?page_id=183"},"modified":"2024-03-23T15:08:05","modified_gmt":"2024-03-23T14:08:05","slug":"my-videogames","status":"publish","type":"page","link":"https:\/\/hudecekpetr.cz\/cs\/my-videogames\/","title":{"rendered":"Seznam m\u00fdch po\u010d\u00edta\u010dov\u00fdch her"},"content":{"rendered":"<p>Ze v\u0161ech sv\u00fdch her jsem nejv\u00edce hrd\u00fd na tyto hry, kter\u00e9 jsou moje nejv\u011bt\u0161\u00ed. Ka\u017ed\u00e1 z nich mi trvala mnoho m\u011bs\u00edc\u016f:<\/p>\n<div class=\"hra\"><img decoding=\"async\" src=\"https:\/\/hudecekpetr.cz\/wp-content\/uploads\/2024\/03\/Cleric-feats.png\" \/><br \/>\n<a href=\"https:\/\/hudecekpetr.cz\/dawnsbury-days\/\"><b>Dawnsbury Days<\/b><\/a><br \/>\n(2023-2024)<br \/>\nTahov\u00e1 taktick\u00e1 fantasy strategie s prvky cRPG. Pou\u017e\u00edv\u00e1 pravidla PF2E. Moje prvn\u00ed komer\u010dn\u00ed hra.<\/div>\n<div class=\"hra\"><img decoding=\"async\" src=\"https:\/\/hudecekpetr.cz\/wp-content\/uploads\/2023\/05\/ScreenshotColorSpray.png\" \/><br \/>\n<a href=\"https:\/\/hudecekpetr.cz\/quest-for-the-golden-candelabra\/\"><b>Quest for the Golden Candelabra<\/b><\/a><br \/>\n(2023)<br \/>\nTahov\u00e1 taktick\u00e1 fantasy strategie. Pou\u017e\u00edv\u00e1 pravidla PF2E. Inspirovan\u00e1 hrou <i>Solasta<\/i>.<\/div>\n<div class=\"hra\"><img decoding=\"async\" src=\"https:\/\/hudecekpetr.cz\/wp-content\/uploads\/2015\/01\/SACC_3.png\" \/><br \/>\n<a href=\"https:\/\/hudecekpetr.cz\/sacculus-the-wargame\/\"><b>Sacculus: The Wargame<\/b><\/a><br \/>\n(2010)<br \/>\nTahov\u00e1 fantasy strategie. Inspirov\u00e1na hrou <i>Spellcross<\/i>.<\/div>\n<div class=\"hra\"><img decoding=\"async\" src=\"https:\/\/hudecekpetr.cz\/wp-content\/uploads\/2015\/01\/civequestria1-300x226.png\" \/><br \/>\n<a href=\"https:\/\/hudecekpetr.cz\/princess-civilization\"><b>Princess Civilization<\/b><\/a><br \/>\n(2013)<br \/>\nStrategick\u00e1 hra 4X podobn\u00e1 <i>Civilizaci<\/i> s t\u00e9matikou <i>My Little Pony<\/i>.<\/div>\n<div class=\"hra\">\n<p><img decoding=\"async\" src=\"https:\/\/hudecekpetr.cz\/wp-content\/uploads\/2017\/06\/5TutorialFirstScreen.png\" \/><a href=\"https:\/\/hudecekpetr.cz\/omegagoprogram\"><b>omegaGo<\/b><\/a> (2017)<br \/>\nKlient pro deskovou hru Go.<\/p>\n<\/div>\n<p>N\u00e1sleduj\u00edc\u00ed hry jsou dokon\u010den\u00e9 a vytvo\u0159it je trvalo t\u00fddny nebo m\u011bs\u00edce:<\/p>\n<div class=\"hra\"><img decoding=\"async\" src=\"https:\/\/hudecekpetr.cz\/wp-content\/uploads\/2015\/01\/SS_town-300x188.jpg\" \/><br \/>\n<a href=\"https:\/\/hudecekpetr.cz\/streamstep\/\"><b>Streamstep<\/b><\/a> (2012)<br \/>\nTechnick\u00e9 demo 3D RPG hry. Inspirov\u00e1no hrou <i>Might and Magic VI<\/i>.<\/div>\n<div class=\"hra\"><img decoding=\"async\" src=\"https:\/\/hudecekpetr.cz\/wp-content\/uploads\/2020\/06\/Nsnbc1.jpg\" \/><br \/>\n<a href=\"https:\/\/hudecekpetr.cz\/najdi-cestu-ven\/\"><b>Najdi cestu ven!<\/b><\/a> (2020)<br \/>\nTechnick\u00e9 demo hry escape-the-room. Dostupn\u00e9 pro Windows a Android. V \u010de\u0161tin\u011b a ze skautsk\u00e9ho prost\u0159ed\u00ed. Inspirov\u00e1no hrou <i>999<\/i>.<\/div>\n<div class=\"hra\">\n<p><img decoding=\"async\" src=\"https:\/\/hudecekpetr.cz\/wp-content\/uploads\/2017\/03\/Horror3.png\" \/><a href=\"https:\/\/hudecekpetr.cz\/heart-horror\"><b>Heart Horror<\/b><\/a> (2017)<br \/>\nHra \u017e\u00e1nru bullet hell.<\/p>\n<\/div>\n<div class=\"hra\">\n<p><img decoding=\"async\" src=\"https:\/\/hudecekpetr.cz\/wp-content\/uploads\/2015\/01\/TTRFV2-300x274.jpg\" \/><b><a href=\"https:\/\/hudecekpetr.cz\/time-travel-research-facility-2\/\">Time Travel Research Facility 2<\/a><\/b> (2012)<br \/>\nFlashov\u00e1 plo\u0161inovka s cestov\u00e1n\u00edm \u010dasem a dilatac\u00ed \u010dasu. Lze hr\u00e1t online.<\/p>\n<\/div>\n<div class=\"hra\">\n<div class=\"hra-left\"><img loading=\"lazy\" decoding=\"async\" src=\"https:\/\/hudecekpetr.cz\/wp-content\/uploads\/2016\/08\/oracion2-300x164.png\" width=\"300\" height=\"164\" \/><\/div>\n<p><a href=\"https:\/\/hudecekpetr.cz\/oracion-online-post\"><b>Oracion Online<\/b><\/a> (2016)<br \/>\nSb\u011bratelsk\u00e1 karetn\u00ed hra pro dva hr\u00e1\u010de.<\/p>\n<\/div>\n<div class=\"hra\">\n<p><img decoding=\"async\" src=\"https:\/\/hudecekpetr.cz\/wp-content\/uploads\/2016\/02\/TripleDanger-300x165.png\" \/><a href=\"https:\/\/hudecekpetr.cz\/the-deadlock-empire\/\"><b>The Deadlock Empire<\/b><\/a> (2016)<br \/>\nLogick\u00e1 hra o programov\u00e1n\u00ed v paraleln\u00edm prost\u0159ed\u00ed. V\u00edt\u011bz sout\u011b\u017ee hackCambridge 2016.<\/p>\n<\/div>\n<div class=\"hra\">\n<p><img decoding=\"async\" src=\"https:\/\/hudecekpetr.cz\/wp-content\/uploads\/2015\/01\/screenGamebook-250x300.jpg\" \/><a href=\"https:\/\/hudecekpetr.cz\/primaeval-threat\/\"><b>Primaeval Threat<\/b><\/a> (2013)<br \/>\nOnline gamebook. Existuje verze s pon\u00edky a bez nich.<\/p>\n<\/div>\n<div class=\"hra\">\n<p><img decoding=\"async\" src=\"https:\/\/hudecekpetr.cz\/wp-content\/uploads\/2015\/01\/IS_1-300x226.jpg\" \/><a href=\"https:\/\/hudecekpetr.cz\/idealni-skautik\/\"><b>Ide\u00e1ln\u00ed skaut\u00edk (Czech)<\/b><\/a> (2011)<br \/>\n3D st\u0159\u00edle\u010dka s t\u00e9maty ze skautingu.<\/p>\n<\/div>\n<div class=\"hra\">\n<p><img decoding=\"async\" src=\"https:\/\/hudecekpetr.cz\/wp-content\/uploads\/2015\/01\/ttrf2-300x202.jpg\" \/><a href=\"https:\/\/hudecekpetr.cz\/time-travel-research-facility\/\"><b>Time Travel Research Facility<\/b><\/a> (2012)<br \/>\nStar\u0161\u00ed varianta m\u00e9 plo\u0161inovky.<\/p>\n<\/div>\n<div class=\"hra\">\n<p><img decoding=\"async\" src=\"https:\/\/hudecekpetr.cz\/wp-content\/uploads\/2015\/01\/SCoP_1-300x225.jpg\" \/><a href=\"https:\/\/hudecekpetr.cz\/seven-crystals-of-power\/\"><b>Seven Crystals of Power<\/b><\/a> (2008)<br \/>\nHra podobn\u00e1 Medieval Clash.<\/p>\n<\/div>\n<div class=\"hra\">\n<p><img decoding=\"async\" src=\"https:\/\/hudecekpetr.cz\/wp-content\/uploads\/2015\/01\/GwiH_1-300x225.jpg\" \/><b><a href=\"https:\/\/hudecekpetr.cz\/god-who-is-hated\/\">God, who is hated<\/a><\/b> (2006)<br \/>\nMoje origin\u00e1ln\u00ed ark\u00e1da. Moje v\u016fbec prvn\u00ed hra.<\/p>\n<\/div>\n<div class=\"hra\">\n<p><img decoding=\"async\" src=\"https:\/\/hudecekpetr.cz\/wp-content\/uploads\/2015\/01\/God2Bolt-300x188.png\" \/><b><a href=\"https:\/\/hudecekpetr.cz\/god-who-is-hated-2\/\">God, who is hated 2<\/a><\/b> (2012)<br \/>\nVylep\u0161en\u00ed m\u00e9 v\u016fbec prvn\u00ed hry, ud\u011blan\u00e9 o \u0161est let pozd\u011bji.<\/p>\n<\/div>\n<p>N\u00e1sleduj\u00edc\u00ed hry jsou dokon\u010den\u00e9, ale mal\u00e9, a sta\u010dil mi na n\u011b t\u00fdden nebo m\u00e9n\u011b. V\u011bt\u0161inou jsem je vytvo\u0159il pro n\u011bjakou sout\u011b\u017e:<\/p>\n<div class=\"hra\">\n<p><img decoding=\"async\" src=\"https:\/\/hudecekpetr.cz\/wp-content\/uploads\/2020\/06\/Screenshot2-768x677.png\" \/><b><a href=\"https:\/\/hudecekpetr.cz\/contract-tracing-video-game\/\">Contact tracing video game<\/a><\/b> (2020)<br \/>\nTahov\u00e1 simula\u010dn\u00ed hra pro boj proti pandemii COVID-19.<\/p>\n<\/div>\n<div class=\"hra\">\n<p><img decoding=\"async\" src=\"https:\/\/hudecekpetr.cz\/wp-content\/uploads\/2019\/11\/S4_PaladinSpreadinFire.png\" \/><b><a href=\"https:\/\/hudecekpetr.cz\/paladin-rescue-team\/\">Paladin Rescue Team<\/a><\/b> (2019)<br \/>\nRealtimov\u00e1 strategie. Inspirov\u00e1na s\u00e9ri\u00ed <i>Emergency<\/i>.<\/p>\n<\/div>\n<div class=\"hra\">\n<p><img decoding=\"async\" src=\"https:\/\/hudecekpetr.cz\/wp-content\/uploads\/2017\/10\/471500-v3-300x218.jpg\" \/><b><a href=\"https:\/\/hudecekpetr.cz\/existential-risk-prevention-authority\">Existential Risk Prevention Authority<\/a><\/b> (2017)<br \/>\nTahov\u00e1 strategie.<\/p>\n<\/div>\n<div class=\"hra\">\n<p><img decoding=\"async\" src=\"https:\/\/hudecekpetr.cz\/wp-content\/uploads\/2015\/01\/everwinter-300x238.jpg\" \/><b><a href=\"https:\/\/hudecekpetr.cz\/everwinter\/\">Everwinter, the pony city-building strategy<\/a><\/b> (2012)<br \/>\nHra o stav\u011bn\u00ed m\u011bsta pro sout\u011b\u017e My Little Pony.<\/p>\n<\/div>\n<div class=\"hra\"><img decoding=\"async\" src=\"https:\/\/hudecekpetr.cz\/wp-content\/uploads\/2015\/12\/Flutters2-300x233.png\" \/><b><a href=\"https:\/\/hudecekpetr.cz\/fluttershys-hearthswarming-adventure\/\">Fluttershy&#8217;s Hearthswarming<br \/>\nAdventure<\/a><\/b> (2015)<br \/>\nTextov\u00e1 adventura jako d\u00e1rek na V\u00e1noce 2015.<\/div>\n<div class=\"hra\"><img decoding=\"async\" src=\"https:\/\/hudecekpetr.cz\/wp-content\/uploads\/2015\/01\/starswirl2-300x188.jpg\" \/><b><a href=\"https:\/\/hudecekpetr.cz\/star-swirls-pony-adventure\/\">Star Swirl&#8217;s Parser-Based Pony<br \/>\nAdventure<\/a><\/b> (2012)<br \/>\nTextov\u00e1 adventura pro sout\u011b\u017e My Little Pony.<\/div>\n<div class=\"hra\">\n<p><img decoding=\"async\" src=\"https:\/\/hudecekpetr.cz\/wp-content\/uploads\/2015\/01\/Radar-298x300.png\" \/><b><a href=\"https:\/\/hudecekpetr.cz\/advanced-minesweeper\/\">Advanced Minesweeper<\/a><\/b> (2011)<br \/>\nHleda\u010d min se zvl\u00e1\u0161tn\u00edmi schopnostmi.<\/p>\n<\/div>\n<p><\/p>","protected":false},"excerpt":{"rendered":"<p>Ze v\u0161ech sv\u00fdch her jsem nejv\u00edce hrd\u00fd na tyto hry, kter\u00e9 jsou moje nejv\u011bt\u0161\u00ed. Ka\u017ed\u00e1 z nich mi trvala mnoho m\u011bs\u00edc\u016f: Dawnsbury Days (2023-2024) Tahov\u00e1 taktick\u00e1 fantasy strategie s prvky cRPG. Pou\u017e\u00edv\u00e1 pravidla PF2E. Moje prvn\u00ed komer\u010dn\u00ed hra. Quest for the Golden Candelabra (2023) Tahov\u00e1 taktick\u00e1 fantasy strategie. Pou\u017e\u00edv\u00e1 pravidla PF2E. Inspirovan\u00e1 hrou Solasta. Sacculus: [&hellip;]<\/p>\n","protected":false},"author":1,"featured_media":0,"parent":0,"menu_order":0,"comment_status":"open","ping_status":"closed","template":"","meta":{"footnotes":""},"class_list":["post-183","page","type-page","status-publish","hentry"],"_links":{"self":[{"href":"https:\/\/hudecekpetr.cz\/cs\/wp-json\/wp\/v2\/pages\/183","targetHints":{"allow":["GET"]}}],"collection":[{"href":"https:\/\/hudecekpetr.cz\/cs\/wp-json\/wp\/v2\/pages"}],"about":[{"href":"https:\/\/hudecekpetr.cz\/cs\/wp-json\/wp\/v2\/types\/page"}],"author":[{"embeddable":true,"href":"https:\/\/hudecekpetr.cz\/cs\/wp-json\/wp\/v2\/users\/1"}],"replies":[{"embeddable":true,"href":"https:\/\/hudecekpetr.cz\/cs\/wp-json\/wp\/v2\/comments?post=183"}],"version-history":[{"count":47,"href":"https:\/\/hudecekpetr.cz\/cs\/wp-json\/wp\/v2\/pages\/183\/revisions"}],"predecessor-version":[{"id":1248,"href":"https:\/\/hudecekpetr.cz\/cs\/wp-json\/wp\/v2\/pages\/183\/revisions\/1248"}],"wp:attachment":[{"href":"https:\/\/hudecekpetr.cz\/cs\/wp-json\/wp\/v2\/media?parent=183"}],"curies":[{"name":"wp","href":"https:\/\/api.w.org\/{rel}","templated":true}]}}