{"id":186,"date":"2015-01-02T09:39:30","date_gmt":"2015-01-02T08:39:30","guid":{"rendered":"http:\/\/192.168.1.103\/?page_id=186"},"modified":"2025-09-28T09:56:50","modified_gmt":"2025-09-28T07:56:50","slug":"about-me","status":"publish","type":"page","link":"https:\/\/hudecekpetr.cz\/cs\/about-me\/","title":{"rendered":"O mn\u011b"},"content":{"rendered":"<p><a href=\"https:\/\/hudecekpetr.cz\/wp-content\/uploads\/2020\/11\/NewPersonal-scaled.jpg\"><img loading=\"lazy\" decoding=\"async\" class=\"alignright wp-image-1065 size-medium\" src=\"https:\/\/hudecekpetr.cz\/wp-content\/uploads\/2020\/11\/NewPersonal-200x300.jpg\" alt=\"\" width=\"200\" height=\"300\" srcset=\"https:\/\/hudecekpetr.cz\/wp-content\/uploads\/2020\/11\/NewPersonal-200x300.jpg 200w, https:\/\/hudecekpetr.cz\/wp-content\/uploads\/2020\/11\/NewPersonal-683x1024.jpg 683w, https:\/\/hudecekpetr.cz\/wp-content\/uploads\/2020\/11\/NewPersonal-768x1152.jpg 768w, https:\/\/hudecekpetr.cz\/wp-content\/uploads\/2020\/11\/NewPersonal-1024x1536.jpg 1024w, https:\/\/hudecekpetr.cz\/wp-content\/uploads\/2020\/11\/NewPersonal-1365x2048.jpg 1365w, https:\/\/hudecekpetr.cz\/wp-content\/uploads\/2020\/11\/NewPersonal-scaled.jpg 1707w\" sizes=\"auto, (max-width: 200px) 100vw, 200px\" \/><\/a>V\u00edtejte!<\/p>\n<p>Jmenuji se\u00a0<strong>Petr Hude\u010dek<\/strong> a jsem po\u010d\u00edta\u010dov\u00fdm program\u00e1torem.<\/p>\n<p>Poch\u00e1z\u00edm z T\u00e1bora v ji\u017en\u00edch \u010cech\u00e1ch, ale \u017eiju v Praze. Bav\u00ed m\u011b programovat po\u010d\u00edta\u010dov\u00e9 hry a od sv\u00e9ho d\u011btstv\u00ed jsem skautem.<\/p>\n<p>M\u00e1m r\u00e1d osobn\u00ed webov\u00e9 str\u00e1nky, tak\u017ee tady jsou ty moje :). M\u016f\u017eete si tady p\u0159e\u010d\u00edst moje eseje a pov\u00eddky, st\u00e1hnout moje po\u010d\u00edta\u010dov\u00e9 hry nebo m\u011b trochu poznat.<\/p>\n<p><a href=\"https:\/\/www.interpals.net\/Soothsilver\">M\u016f\u017eeme se skamar\u00e1dit tak\u00e9 na interpals.net.<\/a><\/p>\n<p>E-mail mi m\u016f\u017eete napsat na <a href=\"mailto:petrhudecek2010@gmail.com\">petrhudecek2010@gmail.com<\/a>.<\/p>\n<p>Tak\u00e9 si m\u016f\u017eete st\u00e1hnout m\u016fj \u017eivotopis:<\/p>\n<ul>\n<li><a href=\"https:\/\/hudecekpetr.cz\/wp-content\/uploads\/2025\/09\/Petr-Hudecek-Curriculum-Vitae-2025-09.pdf\">Curriculum vitae (z\u00e1\u0159\u00ed 2025, anglicky)<\/a><\/li>\n<\/ul>\n<p>Moje dal\u0161\u00ed ve\u0159ejn\u00e9 profily:<\/p>\n<ul>\n<li><a href=\"https:\/\/www.facebook.com\/petr.hudecek.35\">Facebook<\/a>\u00a0(soci\u00e1ln\u00ed s\u00ed\u0165)<\/li>\n<li><a href=\"https:\/\/www.interpals.net\/Soothsilver\">Interpals<\/a>\u00a0(p\u0159\u00e1tel\u00e9 na dopisov\u00e1n\u00ed)<\/li>\n<li><a href=\"https:\/\/www.linkedin.com\/in\/petrhudecek\">LinkedIn<\/a>\u00a0(profesion\u00e1ln\u00ed soci\u00e1ln\u00ed s\u00ed\u0165)<\/li>\n<li><a href=\"https:\/\/github.com\/Soothsilver\">GitHub<\/a>\u00a0(v\u00fdvoj softwaru)<\/li>\n<li><a href=\"http:\/\/steamcommunity.com\/id\/petrhudecek\">Steam<\/a>\u00a0(po\u010d\u00edta\u010dov\u00e9 hry)<\/li>\n<li><a href=\"https:\/\/stackexchange.com\/users\/1725245\/petr-hude%C4%8Dek\">StackExchange<\/a>\u00a0(ot\u00e1zky a odpov\u011bdi)<\/li>\n<\/ul>\n<p><\/p>","protected":false},"excerpt":{"rendered":"<p>V\u00edtejte! Jmenuji se\u00a0Petr Hude\u010dek a jsem po\u010d\u00edta\u010dov\u00fdm program\u00e1torem. Poch\u00e1z\u00edm z T\u00e1bora v ji\u017en\u00edch \u010cech\u00e1ch, ale \u017eiju v Praze. Bav\u00ed m\u011b programovat po\u010d\u00edta\u010dov\u00e9 hry a od sv\u00e9ho d\u011btstv\u00ed jsem skautem. M\u00e1m r\u00e1d osobn\u00ed webov\u00e9 str\u00e1nky, tak\u017ee tady jsou ty moje :). M\u016f\u017eete si tady p\u0159e\u010d\u00edst moje eseje a pov\u00eddky, st\u00e1hnout moje po\u010d\u00edta\u010dov\u00e9 hry nebo m\u011b trochu [&hellip;]<\/p>\n","protected":false},"author":1,"featured_media":0,"parent":0,"menu_order":0,"comment_status":"open","ping_status":"closed","template":"","meta":{"footnotes":""},"class_list":["post-186","page","type-page","status-publish","hentry"],"_links":{"self":[{"href":"https:\/\/hudecekpetr.cz\/cs\/wp-json\/wp\/v2\/pages\/186","targetHints":{"allow":["GET"]}}],"collection":[{"href":"https:\/\/hudecekpetr.cz\/cs\/wp-json\/wp\/v2\/pages"}],"about":[{"href":"https:\/\/hudecekpetr.cz\/cs\/wp-json\/wp\/v2\/types\/page"}],"author":[{"embeddable":true,"href":"https:\/\/hudecekpetr.cz\/cs\/wp-json\/wp\/v2\/users\/1"}],"replies":[{"embeddable":true,"href":"https:\/\/hudecekpetr.cz\/cs\/wp-json\/wp\/v2\/comments?post=186"}],"version-history":[{"count":36,"href":"https:\/\/hudecekpetr.cz\/cs\/wp-json\/wp\/v2\/pages\/186\/revisions"}],"predecessor-version":[{"id":1254,"href":"https:\/\/hudecekpetr.cz\/cs\/wp-json\/wp\/v2\/pages\/186\/revisions\/1254"}],"wp:attachment":[{"href":"https:\/\/hudecekpetr.cz\/cs\/wp-json\/wp\/v2\/media?parent=186"}],"curies":[{"name":"wp","href":"https:\/\/api.w.org\/{rel}","templated":true}]}}