{"id":245,"date":"2015-01-02T16:22:12","date_gmt":"2015-01-02T15:22:12","guid":{"rendered":"http:\/\/192.168.1.82\/?page_id=245"},"modified":"2015-08-04T18:50:50","modified_gmt":"2015-08-04T16:50:50","slug":"sky-photography","status":"publish","type":"page","link":"https:\/\/hudecekpetr.cz\/cs\/sky-photography\/","title":{"rendered":"Fotografie oblohy"},"content":{"rendered":"<p>Vytv\u00e1\u0159\u00edm si osobn\u00ed sb\u00edrku fotek oblohy. Moje pravidla jsou, \u017ee fotku mus\u00edm ud\u011blat j\u00e1 a \u017ee fotka mus\u00ed b\u00fdt n\u011bjak\u00fdm zp\u016fsobem p\u011bkn\u00e1.<\/p>\n<p>Fotky nahr\u00e1v\u00e1m do sv\u00e9 galerie na deviantArtu:\u00a0<a href=\"http:\/\/oracions.deviantart.com\/gallery\/52580770\/Skies\">http:\/\/oracions.deviantart.com\/gallery\/52580770\/Skies<\/a><\/p>\n<p>N\u011bkter\u00e9 vybran\u00e9 fotky:<\/p>\n<p><div id='gallery-2' class='gallery galleryid-245 gallery-columns-2 gallery-size-thumbnail'><figure class='gallery-item'>\n\t\t\t<div class='gallery-icon landscape'>\n\t\t\t\t<a href='https:\/\/hudecekpetr.cz\/wp-content\/uploads\/2015\/01\/Cloud-Shield.jpg'><img loading=\"lazy\" decoding=\"async\" width=\"150\" height=\"150\" src=\"https:\/\/hudecekpetr.cz\/wp-content\/uploads\/2015\/01\/Cloud-Shield-150x150.jpg\" class=\"attachment-thumbnail size-thumbnail\" alt=\"\" aria-describedby=\"gallery-2-246\" srcset=\"https:\/\/hudecekpetr.cz\/wp-content\/uploads\/2015\/01\/Cloud-Shield-150x150.jpg 150w, https:\/\/hudecekpetr.cz\/wp-content\/uploads\/2015\/01\/Cloud-Shield-225x225.jpg 225w, https:\/\/hudecekpetr.cz\/wp-content\/uploads\/2015\/01\/Cloud-Shield-75x75.jpg 75w\" sizes=\"auto, (max-width: 150px) 100vw, 150px\" \/><\/a>\n\t\t\t<\/div>\n\t\t\t\t<figcaption class='wp-caption-text gallery-caption' id='gallery-2-246'>\n\t\t\t\tThe sun hides behind a cloud shield.\n\t\t\t\t<\/figcaption><\/figure><figure class='gallery-item'>\n\t\t\t<div class='gallery-icon landscape'>\n\t\t\t\t<a href='https:\/\/hudecekpetr.cz\/wp-content\/uploads\/2015\/01\/Double-rainbow.jpg'><img loading=\"lazy\" decoding=\"async\" width=\"150\" height=\"150\" src=\"https:\/\/hudecekpetr.cz\/wp-content\/uploads\/2015\/01\/Double-rainbow-150x150.jpg\" class=\"attachment-thumbnail size-thumbnail\" alt=\"\" aria-describedby=\"gallery-2-247\" srcset=\"https:\/\/hudecekpetr.cz\/wp-content\/uploads\/2015\/01\/Double-rainbow-150x150.jpg 150w, https:\/\/hudecekpetr.cz\/wp-content\/uploads\/2015\/01\/Double-rainbow-225x225.jpg 225w, https:\/\/hudecekpetr.cz\/wp-content\/uploads\/2015\/01\/Double-rainbow-75x75.jpg 75w\" sizes=\"auto, (max-width: 150px) 100vw, 150px\" \/><\/a>\n\t\t\t<\/div>\n\t\t\t\t<figcaption class='wp-caption-text gallery-caption' id='gallery-2-247'>\n\t\t\t\tA double rainbow with a spectacular light difference.\n\t\t\t\t<\/figcaption><\/figure><figure class='gallery-item'>\n\t\t\t<div class='gallery-icon landscape'>\n\t\t\t\t<a href='https:\/\/hudecekpetr.cz\/wp-content\/uploads\/2015\/01\/Scattered-clouds-from-above.jpg'><img loading=\"lazy\" decoding=\"async\" width=\"150\" height=\"150\" src=\"https:\/\/hudecekpetr.cz\/wp-content\/uploads\/2015\/01\/Scattered-clouds-from-above-150x150.jpg\" class=\"attachment-thumbnail size-thumbnail\" alt=\"\" aria-describedby=\"gallery-2-248\" srcset=\"https:\/\/hudecekpetr.cz\/wp-content\/uploads\/2015\/01\/Scattered-clouds-from-above-150x150.jpg 150w, https:\/\/hudecekpetr.cz\/wp-content\/uploads\/2015\/01\/Scattered-clouds-from-above-225x225.jpg 225w, https:\/\/hudecekpetr.cz\/wp-content\/uploads\/2015\/01\/Scattered-clouds-from-above-75x75.jpg 75w\" sizes=\"auto, (max-width: 150px) 100vw, 150px\" \/><\/a>\n\t\t\t<\/div>\n\t\t\t\t<figcaption class='wp-caption-text gallery-caption' id='gallery-2-248'>\n\t\t\t\tSky in many pieces, viewed from above.\n\t\t\t\t<\/figcaption><\/figure><figure class='gallery-item'>\n\t\t\t<div class='gallery-icon landscape'>\n\t\t\t\t<a href='https:\/\/hudecekpetr.cz\/wp-content\/uploads\/2015\/01\/Sunburst-at-home.jpg'><img loading=\"lazy\" decoding=\"async\" width=\"150\" height=\"150\" src=\"https:\/\/hudecekpetr.cz\/wp-content\/uploads\/2015\/01\/Sunburst-at-home-150x150.jpg\" class=\"attachment-thumbnail size-thumbnail\" alt=\"\" aria-describedby=\"gallery-2-249\" srcset=\"https:\/\/hudecekpetr.cz\/wp-content\/uploads\/2015\/01\/Sunburst-at-home-150x150.jpg 150w, https:\/\/hudecekpetr.cz\/wp-content\/uploads\/2015\/01\/Sunburst-at-home-225x225.jpg 225w, https:\/\/hudecekpetr.cz\/wp-content\/uploads\/2015\/01\/Sunburst-at-home-75x75.jpg 75w\" sizes=\"auto, (max-width: 150px) 100vw, 150px\" \/><\/a>\n\t\t\t<\/div>\n\t\t\t\t<figcaption class='wp-caption-text gallery-caption' id='gallery-2-249'>\n\t\t\t\tBursts of light from a setting sun in front of a torn sky.\n\t\t\t\t<\/figcaption><\/figure>\n\t\t<\/div>\n<\/p>","protected":false},"excerpt":{"rendered":"<p>Vytv\u00e1\u0159\u00edm si osobn\u00ed sb\u00edrku fotek oblohy. Moje pravidla jsou, \u017ee fotku mus\u00edm ud\u011blat j\u00e1 a \u017ee fotka mus\u00ed b\u00fdt n\u011bjak\u00fdm zp\u016fsobem p\u011bkn\u00e1. Fotky nahr\u00e1v\u00e1m do sv\u00e9 galerie na deviantArtu:\u00a0http:\/\/oracions.deviantart.com\/gallery\/52580770\/Skies N\u011bkter\u00e9 vybran\u00e9 fotky:<\/p>\n","protected":false},"author":1,"featured_media":0,"parent":0,"menu_order":0,"comment_status":"open","ping_status":"closed","template":"","meta":{"footnotes":""},"class_list":["post-245","page","type-page","status-publish","hentry"],"_links":{"self":[{"href":"https:\/\/hudecekpetr.cz\/cs\/wp-json\/wp\/v2\/pages\/245","targetHints":{"allow":["GET"]}}],"collection":[{"href":"https:\/\/hudecekpetr.cz\/cs\/wp-json\/wp\/v2\/pages"}],"about":[{"href":"https:\/\/hudecekpetr.cz\/cs\/wp-json\/wp\/v2\/types\/page"}],"author":[{"embeddable":true,"href":"https:\/\/hudecekpetr.cz\/cs\/wp-json\/wp\/v2\/users\/1"}],"replies":[{"embeddable":true,"href":"https:\/\/hudecekpetr.cz\/cs\/wp-json\/wp\/v2\/comments?post=245"}],"version-history":[{"count":2,"href":"https:\/\/hudecekpetr.cz\/cs\/wp-json\/wp\/v2\/pages\/245\/revisions"}],"predecessor-version":[{"id":416,"href":"https:\/\/hudecekpetr.cz\/cs\/wp-json\/wp\/v2\/pages\/245\/revisions\/416"}],"wp:attachment":[{"href":"https:\/\/hudecekpetr.cz\/cs\/wp-json\/wp\/v2\/media?parent=245"}],"curies":[{"name":"wp","href":"https:\/\/api.w.org\/{rel}","templated":true}]}}