{"id":619,"date":"2016-01-02T11:26:55","date_gmt":"2016-01-02T09:26:55","guid":{"rendered":"http:\/\/hudecekpetr.cz\/?page_id=619"},"modified":"2020-06-07T20:07:57","modified_gmt":"2020-06-07T19:07:57","slug":"a-scouting-webcomic","status":"publish","type":"page","link":"https:\/\/hudecekpetr.cz\/cs\/a-scouting-webcomic\/","title":{"rendered":"Na\u0161\u00ed snahou nejlep\u0161\u00ed bu\u010f \u010din!"},"content":{"rendered":"<p>V \u00fanoru 2015 jsem za\u010dal vyd\u00e1vat komiks ze skautsk\u00e9ho prost\u0159ed\u00ed. Ka\u017ed\u00e1 str\u00e1nka komiksu je samostatn\u00e1. Sna\u017eil jsem se, aby komiksy byly humorn\u00e9, ukazovaly na zaj\u00edmav\u00e9 v\u011bci ze skautingu, a p\u0159itom byly p\u0159\u00edstupn\u00e9 i lidem, kte\u0159\u00ed skauty nikdy nebyli (by\u0165 skauti z nich vyt\u011b\u017e\u00ed v\u00edc).<\/p>\n<p>Zde je prvn\u00ed komiks ze s\u00e9rie:<\/p>\n<p><a href=\"http:\/\/hudecekpetr.cz\/wp-content\/uploads\/2016\/01\/Komiks1.png\"><img loading=\"lazy\" decoding=\"async\" class=\"aligncenter size-large wp-image-620\" src=\"http:\/\/hudecekpetr.cz\/wp-content\/uploads\/2016\/01\/Komiks1-569x1024.png\" alt=\"Komiks1\" width=\"569\" height=\"1024\" srcset=\"https:\/\/hudecekpetr.cz\/wp-content\/uploads\/2016\/01\/Komiks1-569x1024.png 569w, https:\/\/hudecekpetr.cz\/wp-content\/uploads\/2016\/01\/Komiks1-167x300.png 167w, https:\/\/hudecekpetr.cz\/wp-content\/uploads\/2016\/01\/Komiks1-600x1079.png 600w, https:\/\/hudecekpetr.cz\/wp-content\/uploads\/2016\/01\/Komiks1-667x1200.png 667w\" sizes=\"auto, (max-width: 569px) 100vw, 569px\" \/><\/a><\/p>\n<p>V\u0161echny komiksy najdete na adrese <a href=\"https:\/\/nsnbc.neocities.org\/\">https:\/\/nsnbc.neocities.org\/<\/a>.<\/p>\n<p>Vedu tak\u00e9 <a href=\"https:\/\/www.facebook.com\/nasi.snahou.nejlepsi.bud.cin\/\">Facebookovou str\u00e1nku<\/a>, kam nap\u00ed\u0161u, kdykoliv vyd\u00e1m nov\u00fd komiks.<\/p>","protected":false},"excerpt":{"rendered":"<p>V \u00fanoru 2015 jsem za\u010dal vyd\u00e1vat komiks ze skautsk\u00e9ho prost\u0159ed\u00ed. Ka\u017ed\u00e1 str\u00e1nka komiksu je samostatn\u00e1. Sna\u017eil jsem se, aby komiksy byly humorn\u00e9, ukazovaly na zaj\u00edmav\u00e9 v\u011bci ze skautingu, a p\u0159itom byly p\u0159\u00edstupn\u00e9 i lidem, kte\u0159\u00ed skauty nikdy nebyli (by\u0165 skauti z nich vyt\u011b\u017e\u00ed v\u00edc). Zde je prvn\u00ed komiks ze s\u00e9rie: V\u0161echny komiksy najdete na adrese [&hellip;]<\/p>\n","protected":false},"author":1,"featured_media":0,"parent":0,"menu_order":0,"comment_status":"closed","ping_status":"closed","template":"","meta":{"footnotes":""},"class_list":["post-619","page","type-page","status-publish","hentry"],"_links":{"self":[{"href":"https:\/\/hudecekpetr.cz\/cs\/wp-json\/wp\/v2\/pages\/619","targetHints":{"allow":["GET"]}}],"collection":[{"href":"https:\/\/hudecekpetr.cz\/cs\/wp-json\/wp\/v2\/pages"}],"about":[{"href":"https:\/\/hudecekpetr.cz\/cs\/wp-json\/wp\/v2\/types\/page"}],"author":[{"embeddable":true,"href":"https:\/\/hudecekpetr.cz\/cs\/wp-json\/wp\/v2\/users\/1"}],"replies":[{"embeddable":true,"href":"https:\/\/hudecekpetr.cz\/cs\/wp-json\/wp\/v2\/comments?post=619"}],"version-history":[{"count":2,"href":"https:\/\/hudecekpetr.cz\/cs\/wp-json\/wp\/v2\/pages\/619\/revisions"}],"predecessor-version":[{"id":989,"href":"https:\/\/hudecekpetr.cz\/cs\/wp-json\/wp\/v2\/pages\/619\/revisions\/989"}],"wp:attachment":[{"href":"https:\/\/hudecekpetr.cz\/cs\/wp-json\/wp\/v2\/media?parent=619"}],"curies":[{"name":"wp","href":"https:\/\/api.w.org\/{rel}","templated":true}]}}